{"id":2176,"date":"2023-11-22T18:43:33","date_gmt":"2023-11-22T16:43:33","guid":{"rendered":"https:\/\/www.robitza-wein.at\/?post_type=product&#038;p=2176"},"modified":"2026-04-23T11:13:04","modified_gmt":"2026-04-23T09:13:04","slug":"2025-gruener-veltliner-uzlop","status":"publish","type":"product","link":"https:\/\/www.robitza-wein.at\/en\/produkt\/2025-gruener-veltliner-uzlop\/","title":{"rendered":"2025 Gr\u00fcner Veltliner UZLOP"},"content":{"rendered":"<p>Diese Interpretation des Gr\u00fcnen Veltliners k\u00f6nnte man als burgenl\u00e4ndisch bezeichnen. Der Boden spielt neben der Fruchtaromatik die zweite Hauptrolle. Ein Kr\u00e4uterstrau\u00df f\u00fchrt Regie. Kurz gebratenes Kalb oder Rind mit Blauschimmelk\u00e4se und glasiertem Gem\u00fcse w\u00e4re unserer Ansicht nach der &#8220;perfect match&#8221;.<\/p>\n","protected":false},"excerpt":{"rendered":"<p>leuchtendes goldgelb, Apfelkompott, nasser Stein, getrocknete Kr\u00e4uter, Marzipan, Trockenfr\u00fcchte, Quittengelee, Kr\u00e4uterw\u00fcrze, Dichte und Schmelz am Gaumen, balancierte S\u00e4ure, kompakter K\u00f6rper, kreidige Textur, gut struktieriert mit Eleganz und Spannung zugleich<\/p>\n","protected":false},"featured_media":2849,"template":"","meta":[],"product_cat":[225,137],"product_tag":[],"afgc_gallery_cat":[],"class_list":{"0":"post-2176","1":"product","2":"type-product","3":"status-publish","4":"has-post-thumbnail","6":"product_cat-alle-weine","7":"product_cat-weiss","9":"first","10":"instock","11":"taxable","12":"shipping-taxable","13":"purchasable","14":"product-type-simple"},"yoast_head":"<!-- This site is optimized with the Yoast SEO plugin v25.2 - https:\/\/yoast.com\/wordpress\/plugins\/seo\/ -->\n<title>2025 Gr\u00fcner Veltliner UZLOP - robitza wein<\/title>\n<meta name=\"robots\" content=\"index, follow, max-snippet:-1, max-image-preview:large, max-video-preview:-1\" \/>\n<link rel=\"canonical\" href=\"https:\/\/www.robitza-wein.at\/produkt\/2025-gruener-veltliner-uzlop\/\" \/>\n<meta property=\"og:locale\" content=\"en_US\" \/>\n<meta property=\"og:type\" content=\"article\" \/>\n<meta property=\"og:title\" content=\"2025 Gr\u00fcner Veltliner UZLOP - robitza wein\" \/>\n<meta property=\"og:description\" content=\"leuchtendes goldgelb, Apfelkompott, nasser Stein, getrocknete Kr\u00e4uter, Marzipan, Trockenfr\u00fcchte, Quittengelee, Kr\u00e4uterw\u00fcrze, Dichte und Schmelz am Gaumen, balancierte S\u00e4ure, kompakter K\u00f6rper, kreidige Textur, gut struktieriert mit Eleganz und Spannung zugleich\" \/>\n<meta property=\"og:url\" content=\"https:\/\/www.robitza-wein.at\/produkt\/2025-gruener-veltliner-uzlop\/\" \/>\n<meta property=\"og:site_name\" content=\"robitza wein\" \/>\n<meta property=\"article:publisher\" content=\"https:\/\/www.facebook.com\/robitzawein\" \/>\n<meta property=\"article:modified_time\" content=\"2026-04-23T09:13:04+00:00\" \/>\n<meta property=\"og:image\" content=\"https:\/\/www.robitza-wein.at\/wp-content\/uploads\/2024\/05\/robitza-wein-uzlop-gruner-veltliner.png\" \/>\n\t<meta property=\"og:image:width\" content=\"2000\" \/>\n\t<meta property=\"og:image:height\" content=\"2000\" \/>\n\t<meta property=\"og:image:type\" content=\"image\/png\" \/>\n<meta name=\"twitter:card\" content=\"summary_large_image\" \/>\n<meta name=\"twitter:label1\" content=\"Est. reading time\" \/>\n\t<meta name=\"twitter:data1\" content=\"1 minute\" \/>\n<script type=\"application\/ld+json\" class=\"yoast-schema-graph\">{\"@context\":\"https:\/\/schema.org\",\"@graph\":[{\"@type\":\"WebPage\",\"@id\":\"https:\/\/www.robitza-wein.at\/produkt\/2025-gruener-veltliner-uzlop\/\",\"url\":\"https:\/\/www.robitza-wein.at\/produkt\/2025-gruener-veltliner-uzlop\/\",\"name\":\"2025 Gr\u00fcner Veltliner UZLOP - robitza wein\",\"isPartOf\":{\"@id\":\"https:\/\/www.robitza-wein.at\/#website\"},\"primaryImageOfPage\":{\"@id\":\"https:\/\/www.robitza-wein.at\/produkt\/2025-gruener-veltliner-uzlop\/#primaryimage\"},\"image\":{\"@id\":\"https:\/\/www.robitza-wein.at\/produkt\/2025-gruener-veltliner-uzlop\/#primaryimage\"},\"thumbnailUrl\":\"https:\/\/www.robitza-wein.at\/wp-content\/uploads\/2024\/05\/robitza-wein-uzlop-gruner-veltliner.png\",\"datePublished\":\"2023-11-22T16:43:33+00:00\",\"dateModified\":\"2026-04-23T09:13:04+00:00\",\"breadcrumb\":{\"@id\":\"https:\/\/www.robitza-wein.at\/produkt\/2025-gruener-veltliner-uzlop\/#breadcrumb\"},\"inLanguage\":\"en-US\",\"potentialAction\":[{\"@type\":\"ReadAction\",\"target\":[\"https:\/\/www.robitza-wein.at\/produkt\/2025-gruener-veltliner-uzlop\/\"]}]},{\"@type\":\"ImageObject\",\"inLanguage\":\"en-US\",\"@id\":\"https:\/\/www.robitza-wein.at\/produkt\/2025-gruener-veltliner-uzlop\/#primaryimage\",\"url\":\"https:\/\/www.robitza-wein.at\/wp-content\/uploads\/2024\/05\/robitza-wein-uzlop-gruner-veltliner.png\",\"contentUrl\":\"https:\/\/www.robitza-wein.at\/wp-content\/uploads\/2024\/05\/robitza-wein-uzlop-gruner-veltliner.png\",\"width\":2000,\"height\":2000},{\"@type\":\"BreadcrumbList\",\"@id\":\"https:\/\/www.robitza-wein.at\/produkt\/2025-gruener-veltliner-uzlop\/#breadcrumb\",\"itemListElement\":[{\"@type\":\"ListItem\",\"position\":1,\"name\":\"Startseite\",\"item\":\"https:\/\/www.robitza-wein.at\/\"},{\"@type\":\"ListItem\",\"position\":2,\"name\":\"WEINSHOP\",\"item\":\"https:\/\/www.robitza-wein.at\/shop\/\"},{\"@type\":\"ListItem\",\"position\":3,\"name\":\"2025 Gr\u00fcner Veltliner UZLOP\"}]},{\"@type\":\"WebSite\",\"@id\":\"https:\/\/www.robitza-wein.at\/#website\",\"url\":\"https:\/\/www.robitza-wein.at\/\",\"name\":\"robitza wein\",\"description\":\"Weingut aus Oslip im Burgenland\",\"publisher\":{\"@id\":\"https:\/\/www.robitza-wein.at\/#organization\"},\"potentialAction\":[{\"@type\":\"SearchAction\",\"target\":{\"@type\":\"EntryPoint\",\"urlTemplate\":\"https:\/\/www.robitza-wein.at\/?s={search_term_string}\"},\"query-input\":{\"@type\":\"PropertyValueSpecification\",\"valueRequired\":true,\"valueName\":\"search_term_string\"}}],\"inLanguage\":\"en-US\"},{\"@type\":\"Organization\",\"@id\":\"https:\/\/www.robitza-wein.at\/#organization\",\"name\":\"robitza wein\",\"url\":\"https:\/\/www.robitza-wein.at\/\",\"logo\":{\"@type\":\"ImageObject\",\"inLanguage\":\"en-US\",\"@id\":\"https:\/\/www.robitza-wein.at\/#\/schema\/logo\/image\/\",\"url\":\"https:\/\/www.robitza-wein.at\/wp-content\/uploads\/2023\/11\/cropped-cropped-cropped-cropped-cropped-Logo-robitza-wein_512px.png\",\"contentUrl\":\"https:\/\/www.robitza-wein.at\/wp-content\/uploads\/2023\/11\/cropped-cropped-cropped-cropped-cropped-Logo-robitza-wein_512px.png\",\"width\":512,\"height\":512,\"caption\":\"robitza wein\"},\"image\":{\"@id\":\"https:\/\/www.robitza-wein.at\/#\/schema\/logo\/image\/\"},\"sameAs\":[\"https:\/\/www.facebook.com\/robitzawein\",\"https:\/\/www.instagram.com\/robitzawein\/\"]}]}<\/script>\n<!-- \/ Yoast SEO plugin. -->","yoast_head_json":{"title":"2025 Gr\u00fcner Veltliner UZLOP - robitza wein","robots":{"index":"index","follow":"follow","max-snippet":"max-snippet:-1","max-image-preview":"max-image-preview:large","max-video-preview":"max-video-preview:-1"},"canonical":"https:\/\/www.robitza-wein.at\/produkt\/2025-gruener-veltliner-uzlop\/","og_locale":"en_US","og_type":"article","og_title":"2025 Gr\u00fcner Veltliner UZLOP - robitza wein","og_description":"leuchtendes goldgelb, Apfelkompott, nasser Stein, getrocknete Kr\u00e4uter, Marzipan, Trockenfr\u00fcchte, Quittengelee, Kr\u00e4uterw\u00fcrze, Dichte und Schmelz am Gaumen, balancierte S\u00e4ure, kompakter K\u00f6rper, kreidige Textur, gut struktieriert mit Eleganz und Spannung zugleich","og_url":"https:\/\/www.robitza-wein.at\/produkt\/2025-gruener-veltliner-uzlop\/","og_site_name":"robitza wein","article_publisher":"https:\/\/www.facebook.com\/robitzawein","article_modified_time":"2026-04-23T09:13:04+00:00","og_image":[{"width":2000,"height":2000,"url":"https:\/\/www.robitza-wein.at\/wp-content\/uploads\/2024\/05\/robitza-wein-uzlop-gruner-veltliner.png","type":"image\/png"}],"twitter_card":"summary_large_image","twitter_misc":{"Est. reading time":"1 minute"},"schema":{"@context":"https:\/\/schema.org","@graph":[{"@type":"WebPage","@id":"https:\/\/www.robitza-wein.at\/produkt\/2025-gruener-veltliner-uzlop\/","url":"https:\/\/www.robitza-wein.at\/produkt\/2025-gruener-veltliner-uzlop\/","name":"2025 Gr\u00fcner Veltliner UZLOP - robitza wein","isPartOf":{"@id":"https:\/\/www.robitza-wein.at\/#website"},"primaryImageOfPage":{"@id":"https:\/\/www.robitza-wein.at\/produkt\/2025-gruener-veltliner-uzlop\/#primaryimage"},"image":{"@id":"https:\/\/www.robitza-wein.at\/produkt\/2025-gruener-veltliner-uzlop\/#primaryimage"},"thumbnailUrl":"https:\/\/www.robitza-wein.at\/wp-content\/uploads\/2024\/05\/robitza-wein-uzlop-gruner-veltliner.png","datePublished":"2023-11-22T16:43:33+00:00","dateModified":"2026-04-23T09:13:04+00:00","breadcrumb":{"@id":"https:\/\/www.robitza-wein.at\/produkt\/2025-gruener-veltliner-uzlop\/#breadcrumb"},"inLanguage":"en-US","potentialAction":[{"@type":"ReadAction","target":["https:\/\/www.robitza-wein.at\/produkt\/2025-gruener-veltliner-uzlop\/"]}]},{"@type":"ImageObject","inLanguage":"en-US","@id":"https:\/\/www.robitza-wein.at\/produkt\/2025-gruener-veltliner-uzlop\/#primaryimage","url":"https:\/\/www.robitza-wein.at\/wp-content\/uploads\/2024\/05\/robitza-wein-uzlop-gruner-veltliner.png","contentUrl":"https:\/\/www.robitza-wein.at\/wp-content\/uploads\/2024\/05\/robitza-wein-uzlop-gruner-veltliner.png","width":2000,"height":2000},{"@type":"BreadcrumbList","@id":"https:\/\/www.robitza-wein.at\/produkt\/2025-gruener-veltliner-uzlop\/#breadcrumb","itemListElement":[{"@type":"ListItem","position":1,"name":"Startseite","item":"https:\/\/www.robitza-wein.at\/"},{"@type":"ListItem","position":2,"name":"WEINSHOP","item":"https:\/\/www.robitza-wein.at\/shop\/"},{"@type":"ListItem","position":3,"name":"2025 Gr\u00fcner Veltliner UZLOP"}]},{"@type":"WebSite","@id":"https:\/\/www.robitza-wein.at\/#website","url":"https:\/\/www.robitza-wein.at\/","name":"robitza wein","description":"Weingut aus Oslip im Burgenland","publisher":{"@id":"https:\/\/www.robitza-wein.at\/#organization"},"potentialAction":[{"@type":"SearchAction","target":{"@type":"EntryPoint","urlTemplate":"https:\/\/www.robitza-wein.at\/?s={search_term_string}"},"query-input":{"@type":"PropertyValueSpecification","valueRequired":true,"valueName":"search_term_string"}}],"inLanguage":"en-US"},{"@type":"Organization","@id":"https:\/\/www.robitza-wein.at\/#organization","name":"robitza wein","url":"https:\/\/www.robitza-wein.at\/","logo":{"@type":"ImageObject","inLanguage":"en-US","@id":"https:\/\/www.robitza-wein.at\/#\/schema\/logo\/image\/","url":"https:\/\/www.robitza-wein.at\/wp-content\/uploads\/2023\/11\/cropped-cropped-cropped-cropped-cropped-Logo-robitza-wein_512px.png","contentUrl":"https:\/\/www.robitza-wein.at\/wp-content\/uploads\/2023\/11\/cropped-cropped-cropped-cropped-cropped-Logo-robitza-wein_512px.png","width":512,"height":512,"caption":"robitza wein"},"image":{"@id":"https:\/\/www.robitza-wein.at\/#\/schema\/logo\/image\/"},"sameAs":["https:\/\/www.facebook.com\/robitzawein","https:\/\/www.instagram.com\/robitzawein\/"]}]}},"_links":{"self":[{"href":"https:\/\/www.robitza-wein.at\/en\/wp-json\/wp\/v2\/product\/2176"}],"collection":[{"href":"https:\/\/www.robitza-wein.at\/en\/wp-json\/wp\/v2\/product"}],"about":[{"href":"https:\/\/www.robitza-wein.at\/en\/wp-json\/wp\/v2\/types\/product"}],"wp:featuredmedia":[{"embeddable":true,"href":"https:\/\/www.robitza-wein.at\/en\/wp-json\/wp\/v2\/media\/2849"}],"wp:attachment":[{"href":"https:\/\/www.robitza-wein.at\/en\/wp-json\/wp\/v2\/media?parent=2176"}],"wp:term":[{"taxonomy":"product_cat","embeddable":true,"href":"https:\/\/www.robitza-wein.at\/en\/wp-json\/wp\/v2\/product_cat?post=2176"},{"taxonomy":"product_tag","embeddable":true,"href":"https:\/\/www.robitza-wein.at\/en\/wp-json\/wp\/v2\/product_tag?post=2176"},{"taxonomy":"afgc_gallery_cat","embeddable":true,"href":"https:\/\/www.robitza-wein.at\/en\/wp-json\/wp\/v2\/afgc_gallery_cat?post=2176"}],"curies":[{"name":"wp","href":"https:\/\/api.w.org\/{rel}","templated":true}]}}