{"id":2263,"date":"2023-11-30T17:22:28","date_gmt":"2023-11-30T15:22:28","guid":{"rendered":"https:\/\/www.robitza-wein.at\/?post_type=product&#038;p=2263"},"modified":"2024-07-25T15:22:14","modified_gmt":"2024-07-25T13:22:14","slug":"weinset-bf","status":"publish","type":"product","link":"https:\/\/www.robitza-wein.at\/en\/produkt\/weinset-bf\/","title":{"rendered":"Weinset BLAUFR\u00c4NKISCH &#038; Co."},"content":{"rendered":"","protected":false},"excerpt":{"rendered":"<h3><strong>BLAUFR\u00c4NKISCH &amp; Co.<\/strong><\/h3>\n<p>Blaufr\u00e4nkisch ist f\u00fcr uns die wichtigste Sorte. Dieses Weinset bietet<br \/>\neinen Querschnitt mit unterschiedlichen Jahrg\u00e4ngen.<\/p>\n<p>Je 2 Flaschen \u00e1 0,75L<br \/>\n2020 STARAMATI Blaufr\u00e4nkisch<br \/>\n2020 ADLERSBERG rot<\/p>\n<p>Je 1 Flasche \u00e1 0,75L<br \/>\n2021 STARAMATI Blaufr\u00e4nkisch<br \/>\n2021 ADLERSBERG rot<\/p>\n<p>&nbsp;<\/p>\n<p>&nbsp;<\/p>\n","protected":false},"featured_media":2871,"template":"","meta":[],"product_cat":[225,138,176],"product_tag":[],"afgc_gallery_cat":[],"class_list":{"0":"post-2263","1":"product","2":"type-product","3":"status-publish","4":"has-post-thumbnail","6":"product_cat-alle-weine","7":"product_cat-rot","8":"product_cat-wein-sets","10":"first","11":"instock","12":"taxable","13":"shipping-taxable","14":"purchasable","15":"product-type-simple"},"yoast_head":"<!-- This site is optimized with the Yoast SEO plugin v25.2 - https:\/\/yoast.com\/wordpress\/plugins\/seo\/ -->\n<title>Weinset BLAUFR\u00c4NKISCH &amp; Co. - robitza wein<\/title>\n<meta name=\"robots\" content=\"index, follow, max-snippet:-1, max-image-preview:large, max-video-preview:-1\" \/>\n<link rel=\"canonical\" href=\"https:\/\/www.robitza-wein.at\/produkt\/weinset-bf\/\" \/>\n<meta property=\"og:locale\" content=\"en_US\" \/>\n<meta property=\"og:type\" content=\"article\" \/>\n<meta property=\"og:title\" content=\"Weinset BLAUFR\u00c4NKISCH &amp; Co. - robitza wein\" \/>\n<meta property=\"og:description\" content=\"BLAUFR\u00c4NKISCH &amp; Co. Blaufr\u00e4nkisch ist f\u00fcr uns die wichtigste Sorte. Dieses Weinset bietet einen Querschnitt mit unterschiedlichen Jahrg\u00e4ngen.  Je 2 Flaschen \u00e1 0,75L 2020 STARAMATI Blaufr\u00e4nkisch 2020 ADLERSBERG rot  Je 1 Flasche \u00e1 0,75L 2021 STARAMATI Blaufr\u00e4nkisch 2021 ADLERSBERG rot  &nbsp;  &nbsp;\" \/>\n<meta property=\"og:url\" content=\"https:\/\/www.robitza-wein.at\/produkt\/weinset-bf\/\" \/>\n<meta property=\"og:site_name\" content=\"robitza wein\" \/>\n<meta property=\"article:publisher\" content=\"https:\/\/www.facebook.com\/robitzawein\" \/>\n<meta property=\"article:modified_time\" content=\"2024-07-25T13:22:14+00:00\" \/>\n<meta property=\"og:image\" content=\"https:\/\/www.robitza-wein.at\/wp-content\/uploads\/2024\/05\/Set-2024-ROT-1280x1280.png\" \/>\n\t<meta property=\"og:image:width\" content=\"1280\" \/>\n\t<meta property=\"og:image:height\" content=\"1280\" \/>\n\t<meta property=\"og:image:type\" content=\"image\/png\" \/>\n<meta name=\"twitter:card\" content=\"summary_large_image\" \/>\n<script type=\"application\/ld+json\" class=\"yoast-schema-graph\">{\"@context\":\"https:\/\/schema.org\",\"@graph\":[{\"@type\":\"WebPage\",\"@id\":\"https:\/\/www.robitza-wein.at\/produkt\/weinset-bf\/\",\"url\":\"https:\/\/www.robitza-wein.at\/produkt\/weinset-bf\/\",\"name\":\"Weinset BLAUFR\u00c4NKISCH & Co. - robitza wein\",\"isPartOf\":{\"@id\":\"https:\/\/www.robitza-wein.at\/#website\"},\"primaryImageOfPage\":{\"@id\":\"https:\/\/www.robitza-wein.at\/produkt\/weinset-bf\/#primaryimage\"},\"image\":{\"@id\":\"https:\/\/www.robitza-wein.at\/produkt\/weinset-bf\/#primaryimage\"},\"thumbnailUrl\":\"https:\/\/www.robitza-wein.at\/wp-content\/uploads\/2024\/05\/Set-2024-ROT.png\",\"datePublished\":\"2023-11-30T15:22:28+00:00\",\"dateModified\":\"2024-07-25T13:22:14+00:00\",\"breadcrumb\":{\"@id\":\"https:\/\/www.robitza-wein.at\/produkt\/weinset-bf\/#breadcrumb\"},\"inLanguage\":\"en-US\",\"potentialAction\":[{\"@type\":\"ReadAction\",\"target\":[\"https:\/\/www.robitza-wein.at\/produkt\/weinset-bf\/\"]}]},{\"@type\":\"ImageObject\",\"inLanguage\":\"en-US\",\"@id\":\"https:\/\/www.robitza-wein.at\/produkt\/weinset-bf\/#primaryimage\",\"url\":\"https:\/\/www.robitza-wein.at\/wp-content\/uploads\/2024\/05\/Set-2024-ROT.png\",\"contentUrl\":\"https:\/\/www.robitza-wein.at\/wp-content\/uploads\/2024\/05\/Set-2024-ROT.png\",\"width\":2000,\"height\":2000},{\"@type\":\"BreadcrumbList\",\"@id\":\"https:\/\/www.robitza-wein.at\/produkt\/weinset-bf\/#breadcrumb\",\"itemListElement\":[{\"@type\":\"ListItem\",\"position\":1,\"name\":\"Startseite\",\"item\":\"https:\/\/www.robitza-wein.at\/\"},{\"@type\":\"ListItem\",\"position\":2,\"name\":\"WEINSHOP\",\"item\":\"https:\/\/www.robitza-wein.at\/shop\/\"},{\"@type\":\"ListItem\",\"position\":3,\"name\":\"Weinset BLAUFR\u00c4NKISCH &#038; Co.\"}]},{\"@type\":\"WebSite\",\"@id\":\"https:\/\/www.robitza-wein.at\/#website\",\"url\":\"https:\/\/www.robitza-wein.at\/\",\"name\":\"robitza wein\",\"description\":\"Weingut aus Oslip im Burgenland\",\"publisher\":{\"@id\":\"https:\/\/www.robitza-wein.at\/#organization\"},\"potentialAction\":[{\"@type\":\"SearchAction\",\"target\":{\"@type\":\"EntryPoint\",\"urlTemplate\":\"https:\/\/www.robitza-wein.at\/?s={search_term_string}\"},\"query-input\":{\"@type\":\"PropertyValueSpecification\",\"valueRequired\":true,\"valueName\":\"search_term_string\"}}],\"inLanguage\":\"en-US\"},{\"@type\":\"Organization\",\"@id\":\"https:\/\/www.robitza-wein.at\/#organization\",\"name\":\"robitza wein\",\"url\":\"https:\/\/www.robitza-wein.at\/\",\"logo\":{\"@type\":\"ImageObject\",\"inLanguage\":\"en-US\",\"@id\":\"https:\/\/www.robitza-wein.at\/#\/schema\/logo\/image\/\",\"url\":\"https:\/\/www.robitza-wein.at\/wp-content\/uploads\/2023\/11\/cropped-cropped-cropped-cropped-cropped-Logo-robitza-wein_512px.png\",\"contentUrl\":\"https:\/\/www.robitza-wein.at\/wp-content\/uploads\/2023\/11\/cropped-cropped-cropped-cropped-cropped-Logo-robitza-wein_512px.png\",\"width\":512,\"height\":512,\"caption\":\"robitza wein\"},\"image\":{\"@id\":\"https:\/\/www.robitza-wein.at\/#\/schema\/logo\/image\/\"},\"sameAs\":[\"https:\/\/www.facebook.com\/robitzawein\",\"https:\/\/www.instagram.com\/robitzawein\/\"]}]}<\/script>\n<!-- \/ Yoast SEO plugin. -->","yoast_head_json":{"title":"Weinset BLAUFR\u00c4NKISCH & Co. - robitza wein","robots":{"index":"index","follow":"follow","max-snippet":"max-snippet:-1","max-image-preview":"max-image-preview:large","max-video-preview":"max-video-preview:-1"},"canonical":"https:\/\/www.robitza-wein.at\/produkt\/weinset-bf\/","og_locale":"en_US","og_type":"article","og_title":"Weinset BLAUFR\u00c4NKISCH & Co. - robitza wein","og_description":"BLAUFR\u00c4NKISCH &amp; Co. Blaufr\u00e4nkisch ist f\u00fcr uns die wichtigste Sorte. Dieses Weinset bietet einen Querschnitt mit unterschiedlichen Jahrg\u00e4ngen.  Je 2 Flaschen \u00e1 0,75L 2020 STARAMATI Blaufr\u00e4nkisch 2020 ADLERSBERG rot  Je 1 Flasche \u00e1 0,75L 2021 STARAMATI Blaufr\u00e4nkisch 2021 ADLERSBERG rot  &nbsp;  &nbsp;","og_url":"https:\/\/www.robitza-wein.at\/produkt\/weinset-bf\/","og_site_name":"robitza wein","article_publisher":"https:\/\/www.facebook.com\/robitzawein","article_modified_time":"2024-07-25T13:22:14+00:00","og_image":[{"width":1280,"height":1280,"url":"https:\/\/www.robitza-wein.at\/wp-content\/uploads\/2024\/05\/Set-2024-ROT-1280x1280.png","type":"image\/png"}],"twitter_card":"summary_large_image","schema":{"@context":"https:\/\/schema.org","@graph":[{"@type":"WebPage","@id":"https:\/\/www.robitza-wein.at\/produkt\/weinset-bf\/","url":"https:\/\/www.robitza-wein.at\/produkt\/weinset-bf\/","name":"Weinset BLAUFR\u00c4NKISCH & Co. - robitza wein","isPartOf":{"@id":"https:\/\/www.robitza-wein.at\/#website"},"primaryImageOfPage":{"@id":"https:\/\/www.robitza-wein.at\/produkt\/weinset-bf\/#primaryimage"},"image":{"@id":"https:\/\/www.robitza-wein.at\/produkt\/weinset-bf\/#primaryimage"},"thumbnailUrl":"https:\/\/www.robitza-wein.at\/wp-content\/uploads\/2024\/05\/Set-2024-ROT.png","datePublished":"2023-11-30T15:22:28+00:00","dateModified":"2024-07-25T13:22:14+00:00","breadcrumb":{"@id":"https:\/\/www.robitza-wein.at\/produkt\/weinset-bf\/#breadcrumb"},"inLanguage":"en-US","potentialAction":[{"@type":"ReadAction","target":["https:\/\/www.robitza-wein.at\/produkt\/weinset-bf\/"]}]},{"@type":"ImageObject","inLanguage":"en-US","@id":"https:\/\/www.robitza-wein.at\/produkt\/weinset-bf\/#primaryimage","url":"https:\/\/www.robitza-wein.at\/wp-content\/uploads\/2024\/05\/Set-2024-ROT.png","contentUrl":"https:\/\/www.robitza-wein.at\/wp-content\/uploads\/2024\/05\/Set-2024-ROT.png","width":2000,"height":2000},{"@type":"BreadcrumbList","@id":"https:\/\/www.robitza-wein.at\/produkt\/weinset-bf\/#breadcrumb","itemListElement":[{"@type":"ListItem","position":1,"name":"Startseite","item":"https:\/\/www.robitza-wein.at\/"},{"@type":"ListItem","position":2,"name":"WEINSHOP","item":"https:\/\/www.robitza-wein.at\/shop\/"},{"@type":"ListItem","position":3,"name":"Weinset BLAUFR\u00c4NKISCH &#038; Co."}]},{"@type":"WebSite","@id":"https:\/\/www.robitza-wein.at\/#website","url":"https:\/\/www.robitza-wein.at\/","name":"robitza wein","description":"Weingut aus Oslip im Burgenland","publisher":{"@id":"https:\/\/www.robitza-wein.at\/#organization"},"potentialAction":[{"@type":"SearchAction","target":{"@type":"EntryPoint","urlTemplate":"https:\/\/www.robitza-wein.at\/?s={search_term_string}"},"query-input":{"@type":"PropertyValueSpecification","valueRequired":true,"valueName":"search_term_string"}}],"inLanguage":"en-US"},{"@type":"Organization","@id":"https:\/\/www.robitza-wein.at\/#organization","name":"robitza wein","url":"https:\/\/www.robitza-wein.at\/","logo":{"@type":"ImageObject","inLanguage":"en-US","@id":"https:\/\/www.robitza-wein.at\/#\/schema\/logo\/image\/","url":"https:\/\/www.robitza-wein.at\/wp-content\/uploads\/2023\/11\/cropped-cropped-cropped-cropped-cropped-Logo-robitza-wein_512px.png","contentUrl":"https:\/\/www.robitza-wein.at\/wp-content\/uploads\/2023\/11\/cropped-cropped-cropped-cropped-cropped-Logo-robitza-wein_512px.png","width":512,"height":512,"caption":"robitza wein"},"image":{"@id":"https:\/\/www.robitza-wein.at\/#\/schema\/logo\/image\/"},"sameAs":["https:\/\/www.facebook.com\/robitzawein","https:\/\/www.instagram.com\/robitzawein\/"]}]}},"_links":{"self":[{"href":"https:\/\/www.robitza-wein.at\/en\/wp-json\/wp\/v2\/product\/2263"}],"collection":[{"href":"https:\/\/www.robitza-wein.at\/en\/wp-json\/wp\/v2\/product"}],"about":[{"href":"https:\/\/www.robitza-wein.at\/en\/wp-json\/wp\/v2\/types\/product"}],"wp:featuredmedia":[{"embeddable":true,"href":"https:\/\/www.robitza-wein.at\/en\/wp-json\/wp\/v2\/media\/2871"}],"wp:attachment":[{"href":"https:\/\/www.robitza-wein.at\/en\/wp-json\/wp\/v2\/media?parent=2263"}],"wp:term":[{"taxonomy":"product_cat","embeddable":true,"href":"https:\/\/www.robitza-wein.at\/en\/wp-json\/wp\/v2\/product_cat?post=2263"},{"taxonomy":"product_tag","embeddable":true,"href":"https:\/\/www.robitza-wein.at\/en\/wp-json\/wp\/v2\/product_tag?post=2263"},{"taxonomy":"afgc_gallery_cat","embeddable":true,"href":"https:\/\/www.robitza-wein.at\/en\/wp-json\/wp\/v2\/afgc_gallery_cat?post=2263"}],"curies":[{"name":"wp","href":"https:\/\/api.w.org\/{rel}","templated":true}]}}