{"id":2818,"date":"2024-04-02T09:13:18","date_gmt":"2024-04-02T07:13:18","guid":{"rendered":"https:\/\/www.robitza-wein.at\/?post_type=product&#038;p=2818"},"modified":"2024-05-15T16:18:28","modified_gmt":"2024-05-15T14:18:28","slug":"2023-bunto-white","status":"publish","type":"product","link":"https:\/\/www.robitza-wein.at\/en\/produkt\/2023-bunto-white\/","title":{"rendered":"2023 BUNTO white"},"content":{"rendered":"<p>Furmint, M\u00fcller-Thurgau, Muskateller und Welschriesling vereinen sich zu einer sanften Rebellion. <strong>BUNTO<\/strong> repr\u00e4sentiert pannonisches Vergn\u00fcgen, puren Enthusiasmus, regionale Vielfalt, unkonventionellen Genuss und schenkt viele gl\u00fcckliche Weinmomente. <strong>BUNTO<\/strong> ist die Kurzform von <strong>buntovnik<\/strong>&#8230; der sanfte Rebell in unserem Weinkeller.<\/p>\n<p><span style=\"color: #999999;\"><em>Furmint, M\u00fcller Thurgau, Muscat and Welschriesling united to form a gentle rebellion. BUNTO represents Pannonian pleasure, pure<\/em><\/span><br \/>\n<span style=\"color: #999999;\"><em>enthusiasm, regional diversity, unconventional indulgence and gives a lot of happy wine-moments. BUNTO is the short form of buntovnik &#8230; the soft rebel in our winecellar.<\/em><\/span><\/p>\n<p>Handlese, nat\u00fcrliche Hefen, Spontang\u00e4rung, ungefiltert, ungesch\u00f6nt<br \/>\n<span style=\"color: #999999;\"><em>handpicked, native yeasts, spontaneous fermantation, unfined, unfiltered<\/em><\/span><\/p>\n","protected":false},"excerpt":{"rendered":"<p>Exotisch &amp; erfrischend, Ananas, Mango, Trauben, Muskat in der Nase, wei\u00dfe Bl\u00fcten und Kokosraspeln, am Gaumen zischt die S\u00e4ure nur so dahin, der Trinkfluss l\u00e4sst das Glas nicht mehr aus der Hand! Sommer, Sonne, Sonnenschein &#8230; ist BUNTO im Glas<\/p>\n","protected":false},"featured_media":2814,"template":"","meta":[],"product_cat":[245,225,137],"product_tag":[],"afgc_gallery_cat":[],"class_list":{"0":"post-2818","1":"product","2":"type-product","3":"status-publish","4":"has-post-thumbnail","6":"product_cat-bunto","7":"product_cat-alle-weine","8":"product_cat-weiss","10":"first","11":"instock","12":"taxable","13":"shipping-taxable","14":"purchasable","15":"product-type-simple"},"yoast_head":"<!-- This site is optimized with the Yoast SEO plugin v25.2 - https:\/\/yoast.com\/wordpress\/plugins\/seo\/ -->\n<title>2023 BUNTO white - robitza wein<\/title>\n<meta name=\"robots\" content=\"index, follow, max-snippet:-1, max-image-preview:large, max-video-preview:-1\" \/>\n<link rel=\"canonical\" href=\"https:\/\/www.robitza-wein.at\/produkt\/2023-bunto-white\/\" \/>\n<meta property=\"og:locale\" content=\"en_US\" \/>\n<meta property=\"og:type\" content=\"article\" \/>\n<meta property=\"og:title\" content=\"2023 BUNTO white - robitza wein\" \/>\n<meta property=\"og:description\" content=\"Exotisch &amp; erfrischend, Ananas, Mango, Trauben, Muskat in der Nase, wei\u00dfe Bl\u00fcten und Kokosraspeln, am Gaumen zischt die S\u00e4ure nur so dahin, der Trinkfluss l\u00e4sst das Glas nicht mehr aus der Hand! Sommer, Sonne, Sonnenschein ... ist BUNTO im Glas\" \/>\n<meta property=\"og:url\" content=\"https:\/\/www.robitza-wein.at\/produkt\/2023-bunto-white\/\" \/>\n<meta property=\"og:site_name\" content=\"robitza wein\" \/>\n<meta property=\"article:publisher\" content=\"https:\/\/www.facebook.com\/robitzawein\" \/>\n<meta property=\"article:modified_time\" content=\"2024-05-15T14:18:28+00:00\" \/>\n<meta property=\"og:image\" content=\"https:\/\/www.robitza-wein.at\/wp-content\/uploads\/2024\/04\/robitza-wein-bunto-weiss.png\" \/>\n\t<meta property=\"og:image:width\" content=\"2000\" \/>\n\t<meta property=\"og:image:height\" content=\"2000\" \/>\n\t<meta property=\"og:image:type\" content=\"image\/png\" \/>\n<meta name=\"twitter:card\" content=\"summary_large_image\" \/>\n<meta name=\"twitter:label1\" content=\"Est. reading time\" \/>\n\t<meta name=\"twitter:data1\" content=\"1 minute\" \/>\n<script type=\"application\/ld+json\" class=\"yoast-schema-graph\">{\"@context\":\"https:\/\/schema.org\",\"@graph\":[{\"@type\":\"WebPage\",\"@id\":\"https:\/\/www.robitza-wein.at\/produkt\/2023-bunto-white\/\",\"url\":\"https:\/\/www.robitza-wein.at\/produkt\/2023-bunto-white\/\",\"name\":\"2023 BUNTO white - robitza wein\",\"isPartOf\":{\"@id\":\"https:\/\/www.robitza-wein.at\/#website\"},\"primaryImageOfPage\":{\"@id\":\"https:\/\/www.robitza-wein.at\/produkt\/2023-bunto-white\/#primaryimage\"},\"image\":{\"@id\":\"https:\/\/www.robitza-wein.at\/produkt\/2023-bunto-white\/#primaryimage\"},\"thumbnailUrl\":\"https:\/\/www.robitza-wein.at\/wp-content\/uploads\/2024\/04\/robitza-wein-bunto-weiss.png\",\"datePublished\":\"2024-04-02T07:13:18+00:00\",\"dateModified\":\"2024-05-15T14:18:28+00:00\",\"breadcrumb\":{\"@id\":\"https:\/\/www.robitza-wein.at\/produkt\/2023-bunto-white\/#breadcrumb\"},\"inLanguage\":\"en-US\",\"potentialAction\":[{\"@type\":\"ReadAction\",\"target\":[\"https:\/\/www.robitza-wein.at\/produkt\/2023-bunto-white\/\"]}]},{\"@type\":\"ImageObject\",\"inLanguage\":\"en-US\",\"@id\":\"https:\/\/www.robitza-wein.at\/produkt\/2023-bunto-white\/#primaryimage\",\"url\":\"https:\/\/www.robitza-wein.at\/wp-content\/uploads\/2024\/04\/robitza-wein-bunto-weiss.png\",\"contentUrl\":\"https:\/\/www.robitza-wein.at\/wp-content\/uploads\/2024\/04\/robitza-wein-bunto-weiss.png\",\"width\":2000,\"height\":2000},{\"@type\":\"BreadcrumbList\",\"@id\":\"https:\/\/www.robitza-wein.at\/produkt\/2023-bunto-white\/#breadcrumb\",\"itemListElement\":[{\"@type\":\"ListItem\",\"position\":1,\"name\":\"Startseite\",\"item\":\"https:\/\/www.robitza-wein.at\/\"},{\"@type\":\"ListItem\",\"position\":2,\"name\":\"WEINSHOP\",\"item\":\"https:\/\/www.robitza-wein.at\/shop\/\"},{\"@type\":\"ListItem\",\"position\":3,\"name\":\"2023 BUNTO white\"}]},{\"@type\":\"WebSite\",\"@id\":\"https:\/\/www.robitza-wein.at\/#website\",\"url\":\"https:\/\/www.robitza-wein.at\/\",\"name\":\"robitza wein\",\"description\":\"Weingut aus Oslip im Burgenland\",\"publisher\":{\"@id\":\"https:\/\/www.robitza-wein.at\/#organization\"},\"potentialAction\":[{\"@type\":\"SearchAction\",\"target\":{\"@type\":\"EntryPoint\",\"urlTemplate\":\"https:\/\/www.robitza-wein.at\/?s={search_term_string}\"},\"query-input\":{\"@type\":\"PropertyValueSpecification\",\"valueRequired\":true,\"valueName\":\"search_term_string\"}}],\"inLanguage\":\"en-US\"},{\"@type\":\"Organization\",\"@id\":\"https:\/\/www.robitza-wein.at\/#organization\",\"name\":\"robitza wein\",\"url\":\"https:\/\/www.robitza-wein.at\/\",\"logo\":{\"@type\":\"ImageObject\",\"inLanguage\":\"en-US\",\"@id\":\"https:\/\/www.robitza-wein.at\/#\/schema\/logo\/image\/\",\"url\":\"https:\/\/www.robitza-wein.at\/wp-content\/uploads\/2023\/11\/cropped-cropped-cropped-cropped-cropped-Logo-robitza-wein_512px.png\",\"contentUrl\":\"https:\/\/www.robitza-wein.at\/wp-content\/uploads\/2023\/11\/cropped-cropped-cropped-cropped-cropped-Logo-robitza-wein_512px.png\",\"width\":512,\"height\":512,\"caption\":\"robitza wein\"},\"image\":{\"@id\":\"https:\/\/www.robitza-wein.at\/#\/schema\/logo\/image\/\"},\"sameAs\":[\"https:\/\/www.facebook.com\/robitzawein\",\"https:\/\/www.instagram.com\/robitzawein\/\"]}]}<\/script>\n<!-- \/ Yoast SEO plugin. -->","yoast_head_json":{"title":"2023 BUNTO white - robitza wein","robots":{"index":"index","follow":"follow","max-snippet":"max-snippet:-1","max-image-preview":"max-image-preview:large","max-video-preview":"max-video-preview:-1"},"canonical":"https:\/\/www.robitza-wein.at\/produkt\/2023-bunto-white\/","og_locale":"en_US","og_type":"article","og_title":"2023 BUNTO white - robitza wein","og_description":"Exotisch &amp; erfrischend, Ananas, Mango, Trauben, Muskat in der Nase, wei\u00dfe Bl\u00fcten und Kokosraspeln, am Gaumen zischt die S\u00e4ure nur so dahin, der Trinkfluss l\u00e4sst das Glas nicht mehr aus der Hand! Sommer, Sonne, Sonnenschein ... ist BUNTO im Glas","og_url":"https:\/\/www.robitza-wein.at\/produkt\/2023-bunto-white\/","og_site_name":"robitza wein","article_publisher":"https:\/\/www.facebook.com\/robitzawein","article_modified_time":"2024-05-15T14:18:28+00:00","og_image":[{"width":2000,"height":2000,"url":"https:\/\/www.robitza-wein.at\/wp-content\/uploads\/2024\/04\/robitza-wein-bunto-weiss.png","type":"image\/png"}],"twitter_card":"summary_large_image","twitter_misc":{"Est. reading time":"1 minute"},"schema":{"@context":"https:\/\/schema.org","@graph":[{"@type":"WebPage","@id":"https:\/\/www.robitza-wein.at\/produkt\/2023-bunto-white\/","url":"https:\/\/www.robitza-wein.at\/produkt\/2023-bunto-white\/","name":"2023 BUNTO white - robitza wein","isPartOf":{"@id":"https:\/\/www.robitza-wein.at\/#website"},"primaryImageOfPage":{"@id":"https:\/\/www.robitza-wein.at\/produkt\/2023-bunto-white\/#primaryimage"},"image":{"@id":"https:\/\/www.robitza-wein.at\/produkt\/2023-bunto-white\/#primaryimage"},"thumbnailUrl":"https:\/\/www.robitza-wein.at\/wp-content\/uploads\/2024\/04\/robitza-wein-bunto-weiss.png","datePublished":"2024-04-02T07:13:18+00:00","dateModified":"2024-05-15T14:18:28+00:00","breadcrumb":{"@id":"https:\/\/www.robitza-wein.at\/produkt\/2023-bunto-white\/#breadcrumb"},"inLanguage":"en-US","potentialAction":[{"@type":"ReadAction","target":["https:\/\/www.robitza-wein.at\/produkt\/2023-bunto-white\/"]}]},{"@type":"ImageObject","inLanguage":"en-US","@id":"https:\/\/www.robitza-wein.at\/produkt\/2023-bunto-white\/#primaryimage","url":"https:\/\/www.robitza-wein.at\/wp-content\/uploads\/2024\/04\/robitza-wein-bunto-weiss.png","contentUrl":"https:\/\/www.robitza-wein.at\/wp-content\/uploads\/2024\/04\/robitza-wein-bunto-weiss.png","width":2000,"height":2000},{"@type":"BreadcrumbList","@id":"https:\/\/www.robitza-wein.at\/produkt\/2023-bunto-white\/#breadcrumb","itemListElement":[{"@type":"ListItem","position":1,"name":"Startseite","item":"https:\/\/www.robitza-wein.at\/"},{"@type":"ListItem","position":2,"name":"WEINSHOP","item":"https:\/\/www.robitza-wein.at\/shop\/"},{"@type":"ListItem","position":3,"name":"2023 BUNTO white"}]},{"@type":"WebSite","@id":"https:\/\/www.robitza-wein.at\/#website","url":"https:\/\/www.robitza-wein.at\/","name":"robitza wein","description":"Weingut aus Oslip im Burgenland","publisher":{"@id":"https:\/\/www.robitza-wein.at\/#organization"},"potentialAction":[{"@type":"SearchAction","target":{"@type":"EntryPoint","urlTemplate":"https:\/\/www.robitza-wein.at\/?s={search_term_string}"},"query-input":{"@type":"PropertyValueSpecification","valueRequired":true,"valueName":"search_term_string"}}],"inLanguage":"en-US"},{"@type":"Organization","@id":"https:\/\/www.robitza-wein.at\/#organization","name":"robitza wein","url":"https:\/\/www.robitza-wein.at\/","logo":{"@type":"ImageObject","inLanguage":"en-US","@id":"https:\/\/www.robitza-wein.at\/#\/schema\/logo\/image\/","url":"https:\/\/www.robitza-wein.at\/wp-content\/uploads\/2023\/11\/cropped-cropped-cropped-cropped-cropped-Logo-robitza-wein_512px.png","contentUrl":"https:\/\/www.robitza-wein.at\/wp-content\/uploads\/2023\/11\/cropped-cropped-cropped-cropped-cropped-Logo-robitza-wein_512px.png","width":512,"height":512,"caption":"robitza wein"},"image":{"@id":"https:\/\/www.robitza-wein.at\/#\/schema\/logo\/image\/"},"sameAs":["https:\/\/www.facebook.com\/robitzawein","https:\/\/www.instagram.com\/robitzawein\/"]}]}},"_links":{"self":[{"href":"https:\/\/www.robitza-wein.at\/en\/wp-json\/wp\/v2\/product\/2818"}],"collection":[{"href":"https:\/\/www.robitza-wein.at\/en\/wp-json\/wp\/v2\/product"}],"about":[{"href":"https:\/\/www.robitza-wein.at\/en\/wp-json\/wp\/v2\/types\/product"}],"wp:featuredmedia":[{"embeddable":true,"href":"https:\/\/www.robitza-wein.at\/en\/wp-json\/wp\/v2\/media\/2814"}],"wp:attachment":[{"href":"https:\/\/www.robitza-wein.at\/en\/wp-json\/wp\/v2\/media?parent=2818"}],"wp:term":[{"taxonomy":"product_cat","embeddable":true,"href":"https:\/\/www.robitza-wein.at\/en\/wp-json\/wp\/v2\/product_cat?post=2818"},{"taxonomy":"product_tag","embeddable":true,"href":"https:\/\/www.robitza-wein.at\/en\/wp-json\/wp\/v2\/product_tag?post=2818"},{"taxonomy":"afgc_gallery_cat","embeddable":true,"href":"https:\/\/www.robitza-wein.at\/en\/wp-json\/wp\/v2\/afgc_gallery_cat?post=2818"}],"curies":[{"name":"wp","href":"https:\/\/api.w.org\/{rel}","templated":true}]}}