{"id":2864,"date":"2024-05-15T16:34:53","date_gmt":"2024-05-15T14:34:53","guid":{"rendered":"https:\/\/www.robitza-wein.at\/?post_type=product&#038;p=2864"},"modified":"2024-05-15T16:51:28","modified_gmt":"2024-05-15T14:51:28","slug":"2023-vapno-furmint","status":"publish","type":"product","link":"https:\/\/www.robitza-wein.at\/en\/produkt\/2023-vapno-furmint\/","title":{"rendered":"2023 VAPNO Furmint"},"content":{"rendered":"<p>Die Sorte Furmint ist deutlich \u00e4lter als das 100 j\u00e4hrige Burgenland und war schon damals h\u00e4ufig in unserer Region vorzufinden. Das ungarische K\u00f6nigshaus kredenzte nur an besonderen Anl\u00e4ssen Weine dieser Rebe. Dieser Aristokrat unter den Weinen ist aufgrund seiner pr\u00e4senten und lebendigen S\u00e4ure ein wahrer Allesk\u00f6nner. Furmint ist DIE burgenl\u00e4ndische Wei\u00dfweinsorte der Vergangenheit und der Zukunft. Ofenk\u00fcrbis, Linsen und Bohnensterz w\u00e4ren gute Partner.<\/p>\n","protected":false},"excerpt":{"rendered":"<p>strohgelb, Kr\u00e4uter dominieren, Salbei, Fenchel, Bienenwachs, Quitte, dezente Williamsbirne, Heu und trockene Wiese, die S\u00e4ure ist deutlich und balanciert, pr\u00e4zise und straff, Mineralit\u00e4t und Salz am Gaumen, sehr viel Fokus am Gaumen, komplex, dezenter Gerbstoff hebt die Struktur und schafft langes Finale<\/p>\n","protected":false},"featured_media":2855,"template":"","meta":[],"product_cat":[225,137],"product_tag":[],"afgc_gallery_cat":[],"class_list":{"0":"post-2864","1":"product","2":"type-product","3":"status-publish","4":"has-post-thumbnail","6":"product_cat-alle-weine","7":"product_cat-weiss","9":"first","10":"instock","11":"taxable","12":"shipping-taxable","13":"purchasable","14":"product-type-simple"},"yoast_head":"<!-- This site is optimized with the Yoast SEO plugin v25.2 - https:\/\/yoast.com\/wordpress\/plugins\/seo\/ -->\n<title>2023 VAPNO Furmint - robitza wein<\/title>\n<meta name=\"robots\" content=\"index, follow, max-snippet:-1, max-image-preview:large, max-video-preview:-1\" \/>\n<link rel=\"canonical\" href=\"https:\/\/www.robitza-wein.at\/produkt\/2023-vapno-furmint\/\" \/>\n<meta property=\"og:locale\" content=\"en_US\" \/>\n<meta property=\"og:type\" content=\"article\" \/>\n<meta property=\"og:title\" content=\"2023 VAPNO Furmint - robitza wein\" \/>\n<meta property=\"og:description\" content=\"strohgelb, Kr\u00e4uter dominieren, Salbei, Fenchel, Bienenwachs, Quitte, dezente Williamsbirne, Heu und trockene Wiese, die S\u00e4ure ist deutlich und balanciert, pr\u00e4zise und straff, Mineralit\u00e4t und Salz am Gaumen, sehr viel Fokus am Gaumen, komplex, dezenter Gerbstoff hebt die Struktur und schafft langes Finale\" \/>\n<meta property=\"og:url\" content=\"https:\/\/www.robitza-wein.at\/produkt\/2023-vapno-furmint\/\" \/>\n<meta property=\"og:site_name\" content=\"robitza wein\" \/>\n<meta property=\"article:publisher\" content=\"https:\/\/www.facebook.com\/robitzawein\" \/>\n<meta property=\"article:modified_time\" content=\"2024-05-15T14:51:28+00:00\" \/>\n<meta property=\"og:image\" content=\"https:\/\/www.robitza-wein.at\/wp-content\/uploads\/2024\/05\/robitza-wein-vapno-furmint.png\" \/>\n\t<meta property=\"og:image:width\" content=\"2000\" \/>\n\t<meta property=\"og:image:height\" content=\"2000\" \/>\n\t<meta property=\"og:image:type\" content=\"image\/png\" \/>\n<meta name=\"twitter:card\" content=\"summary_large_image\" \/>\n<script type=\"application\/ld+json\" class=\"yoast-schema-graph\">{\"@context\":\"https:\/\/schema.org\",\"@graph\":[{\"@type\":\"WebPage\",\"@id\":\"https:\/\/www.robitza-wein.at\/produkt\/2023-vapno-furmint\/\",\"url\":\"https:\/\/www.robitza-wein.at\/produkt\/2023-vapno-furmint\/\",\"name\":\"2023 VAPNO Furmint - robitza wein\",\"isPartOf\":{\"@id\":\"https:\/\/www.robitza-wein.at\/#website\"},\"primaryImageOfPage\":{\"@id\":\"https:\/\/www.robitza-wein.at\/produkt\/2023-vapno-furmint\/#primaryimage\"},\"image\":{\"@id\":\"https:\/\/www.robitza-wein.at\/produkt\/2023-vapno-furmint\/#primaryimage\"},\"thumbnailUrl\":\"https:\/\/www.robitza-wein.at\/wp-content\/uploads\/2024\/05\/robitza-wein-vapno-furmint.png\",\"datePublished\":\"2024-05-15T14:34:53+00:00\",\"dateModified\":\"2024-05-15T14:51:28+00:00\",\"breadcrumb\":{\"@id\":\"https:\/\/www.robitza-wein.at\/produkt\/2023-vapno-furmint\/#breadcrumb\"},\"inLanguage\":\"en-US\",\"potentialAction\":[{\"@type\":\"ReadAction\",\"target\":[\"https:\/\/www.robitza-wein.at\/produkt\/2023-vapno-furmint\/\"]}]},{\"@type\":\"ImageObject\",\"inLanguage\":\"en-US\",\"@id\":\"https:\/\/www.robitza-wein.at\/produkt\/2023-vapno-furmint\/#primaryimage\",\"url\":\"https:\/\/www.robitza-wein.at\/wp-content\/uploads\/2024\/05\/robitza-wein-vapno-furmint.png\",\"contentUrl\":\"https:\/\/www.robitza-wein.at\/wp-content\/uploads\/2024\/05\/robitza-wein-vapno-furmint.png\",\"width\":2000,\"height\":2000},{\"@type\":\"BreadcrumbList\",\"@id\":\"https:\/\/www.robitza-wein.at\/produkt\/2023-vapno-furmint\/#breadcrumb\",\"itemListElement\":[{\"@type\":\"ListItem\",\"position\":1,\"name\":\"Startseite\",\"item\":\"https:\/\/www.robitza-wein.at\/\"},{\"@type\":\"ListItem\",\"position\":2,\"name\":\"WEINSHOP\",\"item\":\"https:\/\/www.robitza-wein.at\/shop\/\"},{\"@type\":\"ListItem\",\"position\":3,\"name\":\"2023 VAPNO Furmint\"}]},{\"@type\":\"WebSite\",\"@id\":\"https:\/\/www.robitza-wein.at\/#website\",\"url\":\"https:\/\/www.robitza-wein.at\/\",\"name\":\"robitza wein\",\"description\":\"Weingut aus Oslip im Burgenland\",\"publisher\":{\"@id\":\"https:\/\/www.robitza-wein.at\/#organization\"},\"potentialAction\":[{\"@type\":\"SearchAction\",\"target\":{\"@type\":\"EntryPoint\",\"urlTemplate\":\"https:\/\/www.robitza-wein.at\/?s={search_term_string}\"},\"query-input\":{\"@type\":\"PropertyValueSpecification\",\"valueRequired\":true,\"valueName\":\"search_term_string\"}}],\"inLanguage\":\"en-US\"},{\"@type\":\"Organization\",\"@id\":\"https:\/\/www.robitza-wein.at\/#organization\",\"name\":\"robitza wein\",\"url\":\"https:\/\/www.robitza-wein.at\/\",\"logo\":{\"@type\":\"ImageObject\",\"inLanguage\":\"en-US\",\"@id\":\"https:\/\/www.robitza-wein.at\/#\/schema\/logo\/image\/\",\"url\":\"https:\/\/www.robitza-wein.at\/wp-content\/uploads\/2023\/11\/cropped-cropped-cropped-cropped-cropped-Logo-robitza-wein_512px.png\",\"contentUrl\":\"https:\/\/www.robitza-wein.at\/wp-content\/uploads\/2023\/11\/cropped-cropped-cropped-cropped-cropped-Logo-robitza-wein_512px.png\",\"width\":512,\"height\":512,\"caption\":\"robitza wein\"},\"image\":{\"@id\":\"https:\/\/www.robitza-wein.at\/#\/schema\/logo\/image\/\"},\"sameAs\":[\"https:\/\/www.facebook.com\/robitzawein\",\"https:\/\/www.instagram.com\/robitzawein\/\"]}]}<\/script>\n<!-- \/ Yoast SEO plugin. -->","yoast_head_json":{"title":"2023 VAPNO Furmint - robitza wein","robots":{"index":"index","follow":"follow","max-snippet":"max-snippet:-1","max-image-preview":"max-image-preview:large","max-video-preview":"max-video-preview:-1"},"canonical":"https:\/\/www.robitza-wein.at\/produkt\/2023-vapno-furmint\/","og_locale":"en_US","og_type":"article","og_title":"2023 VAPNO Furmint - robitza wein","og_description":"strohgelb, Kr\u00e4uter dominieren, Salbei, Fenchel, Bienenwachs, Quitte, dezente Williamsbirne, Heu und trockene Wiese, die S\u00e4ure ist deutlich und balanciert, pr\u00e4zise und straff, Mineralit\u00e4t und Salz am Gaumen, sehr viel Fokus am Gaumen, komplex, dezenter Gerbstoff hebt die Struktur und schafft langes Finale","og_url":"https:\/\/www.robitza-wein.at\/produkt\/2023-vapno-furmint\/","og_site_name":"robitza wein","article_publisher":"https:\/\/www.facebook.com\/robitzawein","article_modified_time":"2024-05-15T14:51:28+00:00","og_image":[{"width":2000,"height":2000,"url":"https:\/\/www.robitza-wein.at\/wp-content\/uploads\/2024\/05\/robitza-wein-vapno-furmint.png","type":"image\/png"}],"twitter_card":"summary_large_image","schema":{"@context":"https:\/\/schema.org","@graph":[{"@type":"WebPage","@id":"https:\/\/www.robitza-wein.at\/produkt\/2023-vapno-furmint\/","url":"https:\/\/www.robitza-wein.at\/produkt\/2023-vapno-furmint\/","name":"2023 VAPNO Furmint - robitza wein","isPartOf":{"@id":"https:\/\/www.robitza-wein.at\/#website"},"primaryImageOfPage":{"@id":"https:\/\/www.robitza-wein.at\/produkt\/2023-vapno-furmint\/#primaryimage"},"image":{"@id":"https:\/\/www.robitza-wein.at\/produkt\/2023-vapno-furmint\/#primaryimage"},"thumbnailUrl":"https:\/\/www.robitza-wein.at\/wp-content\/uploads\/2024\/05\/robitza-wein-vapno-furmint.png","datePublished":"2024-05-15T14:34:53+00:00","dateModified":"2024-05-15T14:51:28+00:00","breadcrumb":{"@id":"https:\/\/www.robitza-wein.at\/produkt\/2023-vapno-furmint\/#breadcrumb"},"inLanguage":"en-US","potentialAction":[{"@type":"ReadAction","target":["https:\/\/www.robitza-wein.at\/produkt\/2023-vapno-furmint\/"]}]},{"@type":"ImageObject","inLanguage":"en-US","@id":"https:\/\/www.robitza-wein.at\/produkt\/2023-vapno-furmint\/#primaryimage","url":"https:\/\/www.robitza-wein.at\/wp-content\/uploads\/2024\/05\/robitza-wein-vapno-furmint.png","contentUrl":"https:\/\/www.robitza-wein.at\/wp-content\/uploads\/2024\/05\/robitza-wein-vapno-furmint.png","width":2000,"height":2000},{"@type":"BreadcrumbList","@id":"https:\/\/www.robitza-wein.at\/produkt\/2023-vapno-furmint\/#breadcrumb","itemListElement":[{"@type":"ListItem","position":1,"name":"Startseite","item":"https:\/\/www.robitza-wein.at\/"},{"@type":"ListItem","position":2,"name":"WEINSHOP","item":"https:\/\/www.robitza-wein.at\/shop\/"},{"@type":"ListItem","position":3,"name":"2023 VAPNO Furmint"}]},{"@type":"WebSite","@id":"https:\/\/www.robitza-wein.at\/#website","url":"https:\/\/www.robitza-wein.at\/","name":"robitza wein","description":"Weingut aus Oslip im Burgenland","publisher":{"@id":"https:\/\/www.robitza-wein.at\/#organization"},"potentialAction":[{"@type":"SearchAction","target":{"@type":"EntryPoint","urlTemplate":"https:\/\/www.robitza-wein.at\/?s={search_term_string}"},"query-input":{"@type":"PropertyValueSpecification","valueRequired":true,"valueName":"search_term_string"}}],"inLanguage":"en-US"},{"@type":"Organization","@id":"https:\/\/www.robitza-wein.at\/#organization","name":"robitza wein","url":"https:\/\/www.robitza-wein.at\/","logo":{"@type":"ImageObject","inLanguage":"en-US","@id":"https:\/\/www.robitza-wein.at\/#\/schema\/logo\/image\/","url":"https:\/\/www.robitza-wein.at\/wp-content\/uploads\/2023\/11\/cropped-cropped-cropped-cropped-cropped-Logo-robitza-wein_512px.png","contentUrl":"https:\/\/www.robitza-wein.at\/wp-content\/uploads\/2023\/11\/cropped-cropped-cropped-cropped-cropped-Logo-robitza-wein_512px.png","width":512,"height":512,"caption":"robitza wein"},"image":{"@id":"https:\/\/www.robitza-wein.at\/#\/schema\/logo\/image\/"},"sameAs":["https:\/\/www.facebook.com\/robitzawein","https:\/\/www.instagram.com\/robitzawein\/"]}]}},"_links":{"self":[{"href":"https:\/\/www.robitza-wein.at\/en\/wp-json\/wp\/v2\/product\/2864"}],"collection":[{"href":"https:\/\/www.robitza-wein.at\/en\/wp-json\/wp\/v2\/product"}],"about":[{"href":"https:\/\/www.robitza-wein.at\/en\/wp-json\/wp\/v2\/types\/product"}],"wp:featuredmedia":[{"embeddable":true,"href":"https:\/\/www.robitza-wein.at\/en\/wp-json\/wp\/v2\/media\/2855"}],"wp:attachment":[{"href":"https:\/\/www.robitza-wein.at\/en\/wp-json\/wp\/v2\/media?parent=2864"}],"wp:term":[{"taxonomy":"product_cat","embeddable":true,"href":"https:\/\/www.robitza-wein.at\/en\/wp-json\/wp\/v2\/product_cat?post=2864"},{"taxonomy":"product_tag","embeddable":true,"href":"https:\/\/www.robitza-wein.at\/en\/wp-json\/wp\/v2\/product_tag?post=2864"},{"taxonomy":"afgc_gallery_cat","embeddable":true,"href":"https:\/\/www.robitza-wein.at\/en\/wp-json\/wp\/v2\/afgc_gallery_cat?post=2864"}],"curies":[{"name":"wp","href":"https:\/\/api.w.org\/{rel}","templated":true}]}}