{"id":2865,"date":"2024-05-15T16:57:08","date_gmt":"2024-05-15T14:57:08","guid":{"rendered":"https:\/\/www.robitza-wein.at\/?post_type=product&#038;p=2865"},"modified":"2024-05-15T17:00:13","modified_gmt":"2024-05-15T15:00:13","slug":"2021-adlersberg-rot","status":"publish","type":"product","link":"https:\/\/www.robitza-wein.at\/en\/produkt\/2021-adlersberg-rot\/","title":{"rendered":"2021 ADLERSBERG rot"},"content":{"rendered":"<p>Die Gro\u00dflage mit Blickrichtung zum Neusiedlersee besteht zum Gro\u00dfteil aus Kalk und Sand. Die Kargheit des Bodens gepaart mit der Reife der Trauben erg\u00e4nzen sich zu einer vielschichtigen Cuv\u00e9e mit Eleganz, Komplexit\u00e4t und Finesse. Der &#8220;Adlersberg&#8221; ist seit dem Jahr 2005 ein fixer Bestandteil des Sortiments und erfreut bis heute viele Weinliebhaber und Genie\u00dferinnen.<\/p>\n","protected":false},"excerpt":{"rendered":"<p>sattes rubinrot, schwarzer Kern, dunkle Beerenaromtik, Brombeere, Zwetschke, Johannisbeere, Kirsche, Kaffee, dunkle Schokolade, finessenreich und komplex, pr\u00e4sente Gerbstoffe, gute Struktur, pr\u00e4sente S\u00e4ure verhilft zum langen Finish<\/p>\n","protected":false},"featured_media":2861,"template":"","meta":[],"product_cat":[225,138],"product_tag":[],"afgc_gallery_cat":[],"class_list":{"0":"post-2865","1":"product","2":"type-product","3":"status-publish","4":"has-post-thumbnail","6":"product_cat-alle-weine","7":"product_cat-rot","9":"first","10":"instock","11":"taxable","12":"shipping-taxable","13":"purchasable","14":"product-type-simple"},"yoast_head":"<!-- This site is optimized with the Yoast SEO plugin v25.2 - https:\/\/yoast.com\/wordpress\/plugins\/seo\/ -->\n<title>2021 ADLERSBERG rot - robitza wein<\/title>\n<meta name=\"robots\" content=\"index, follow, max-snippet:-1, max-image-preview:large, max-video-preview:-1\" \/>\n<link rel=\"canonical\" href=\"https:\/\/www.robitza-wein.at\/produkt\/2021-adlersberg-rot\/\" \/>\n<meta property=\"og:locale\" content=\"en_US\" \/>\n<meta property=\"og:type\" content=\"article\" \/>\n<meta property=\"og:title\" content=\"2021 ADLERSBERG rot - robitza wein\" \/>\n<meta property=\"og:description\" content=\"sattes rubinrot, schwarzer Kern, dunkle Beerenaromtik, Brombeere, Zwetschke, Johannisbeere, Kirsche, Kaffee, dunkle Schokolade, finessenreich und komplex, pr\u00e4sente Gerbstoffe, gute Struktur, pr\u00e4sente S\u00e4ure verhilft zum langen Finish\" \/>\n<meta property=\"og:url\" content=\"https:\/\/www.robitza-wein.at\/produkt\/2021-adlersberg-rot\/\" \/>\n<meta property=\"og:site_name\" content=\"robitza wein\" \/>\n<meta property=\"article:publisher\" content=\"https:\/\/www.facebook.com\/robitzawein\" \/>\n<meta property=\"article:modified_time\" content=\"2024-05-15T15:00:13+00:00\" \/>\n<meta property=\"og:image\" content=\"https:\/\/www.robitza-wein.at\/wp-content\/uploads\/2024\/05\/robitza-wein-adlersberg-rot.png\" \/>\n\t<meta property=\"og:image:width\" content=\"2000\" \/>\n\t<meta property=\"og:image:height\" content=\"2000\" \/>\n\t<meta property=\"og:image:type\" content=\"image\/png\" \/>\n<meta name=\"twitter:card\" content=\"summary_large_image\" \/>\n<script type=\"application\/ld+json\" class=\"yoast-schema-graph\">{\"@context\":\"https:\/\/schema.org\",\"@graph\":[{\"@type\":\"WebPage\",\"@id\":\"https:\/\/www.robitza-wein.at\/produkt\/2021-adlersberg-rot\/\",\"url\":\"https:\/\/www.robitza-wein.at\/produkt\/2021-adlersberg-rot\/\",\"name\":\"2021 ADLERSBERG rot - robitza wein\",\"isPartOf\":{\"@id\":\"https:\/\/www.robitza-wein.at\/#website\"},\"primaryImageOfPage\":{\"@id\":\"https:\/\/www.robitza-wein.at\/produkt\/2021-adlersberg-rot\/#primaryimage\"},\"image\":{\"@id\":\"https:\/\/www.robitza-wein.at\/produkt\/2021-adlersberg-rot\/#primaryimage\"},\"thumbnailUrl\":\"https:\/\/www.robitza-wein.at\/wp-content\/uploads\/2024\/05\/robitza-wein-adlersberg-rot.png\",\"datePublished\":\"2024-05-15T14:57:08+00:00\",\"dateModified\":\"2024-05-15T15:00:13+00:00\",\"breadcrumb\":{\"@id\":\"https:\/\/www.robitza-wein.at\/produkt\/2021-adlersberg-rot\/#breadcrumb\"},\"inLanguage\":\"en-US\",\"potentialAction\":[{\"@type\":\"ReadAction\",\"target\":[\"https:\/\/www.robitza-wein.at\/produkt\/2021-adlersberg-rot\/\"]}]},{\"@type\":\"ImageObject\",\"inLanguage\":\"en-US\",\"@id\":\"https:\/\/www.robitza-wein.at\/produkt\/2021-adlersberg-rot\/#primaryimage\",\"url\":\"https:\/\/www.robitza-wein.at\/wp-content\/uploads\/2024\/05\/robitza-wein-adlersberg-rot.png\",\"contentUrl\":\"https:\/\/www.robitza-wein.at\/wp-content\/uploads\/2024\/05\/robitza-wein-adlersberg-rot.png\",\"width\":2000,\"height\":2000},{\"@type\":\"BreadcrumbList\",\"@id\":\"https:\/\/www.robitza-wein.at\/produkt\/2021-adlersberg-rot\/#breadcrumb\",\"itemListElement\":[{\"@type\":\"ListItem\",\"position\":1,\"name\":\"Startseite\",\"item\":\"https:\/\/www.robitza-wein.at\/\"},{\"@type\":\"ListItem\",\"position\":2,\"name\":\"WEINSHOP\",\"item\":\"https:\/\/www.robitza-wein.at\/shop\/\"},{\"@type\":\"ListItem\",\"position\":3,\"name\":\"2021 ADLERSBERG rot\"}]},{\"@type\":\"WebSite\",\"@id\":\"https:\/\/www.robitza-wein.at\/#website\",\"url\":\"https:\/\/www.robitza-wein.at\/\",\"name\":\"robitza wein\",\"description\":\"Weingut aus Oslip im Burgenland\",\"publisher\":{\"@id\":\"https:\/\/www.robitza-wein.at\/#organization\"},\"potentialAction\":[{\"@type\":\"SearchAction\",\"target\":{\"@type\":\"EntryPoint\",\"urlTemplate\":\"https:\/\/www.robitza-wein.at\/?s={search_term_string}\"},\"query-input\":{\"@type\":\"PropertyValueSpecification\",\"valueRequired\":true,\"valueName\":\"search_term_string\"}}],\"inLanguage\":\"en-US\"},{\"@type\":\"Organization\",\"@id\":\"https:\/\/www.robitza-wein.at\/#organization\",\"name\":\"robitza wein\",\"url\":\"https:\/\/www.robitza-wein.at\/\",\"logo\":{\"@type\":\"ImageObject\",\"inLanguage\":\"en-US\",\"@id\":\"https:\/\/www.robitza-wein.at\/#\/schema\/logo\/image\/\",\"url\":\"https:\/\/www.robitza-wein.at\/wp-content\/uploads\/2023\/11\/cropped-cropped-cropped-cropped-cropped-Logo-robitza-wein_512px.png\",\"contentUrl\":\"https:\/\/www.robitza-wein.at\/wp-content\/uploads\/2023\/11\/cropped-cropped-cropped-cropped-cropped-Logo-robitza-wein_512px.png\",\"width\":512,\"height\":512,\"caption\":\"robitza wein\"},\"image\":{\"@id\":\"https:\/\/www.robitza-wein.at\/#\/schema\/logo\/image\/\"},\"sameAs\":[\"https:\/\/www.facebook.com\/robitzawein\",\"https:\/\/www.instagram.com\/robitzawein\/\"]}]}<\/script>\n<!-- \/ Yoast SEO plugin. -->","yoast_head_json":{"title":"2021 ADLERSBERG rot - robitza wein","robots":{"index":"index","follow":"follow","max-snippet":"max-snippet:-1","max-image-preview":"max-image-preview:large","max-video-preview":"max-video-preview:-1"},"canonical":"https:\/\/www.robitza-wein.at\/produkt\/2021-adlersberg-rot\/","og_locale":"en_US","og_type":"article","og_title":"2021 ADLERSBERG rot - robitza wein","og_description":"sattes rubinrot, schwarzer Kern, dunkle Beerenaromtik, Brombeere, Zwetschke, Johannisbeere, Kirsche, Kaffee, dunkle Schokolade, finessenreich und komplex, pr\u00e4sente Gerbstoffe, gute Struktur, pr\u00e4sente S\u00e4ure verhilft zum langen Finish","og_url":"https:\/\/www.robitza-wein.at\/produkt\/2021-adlersberg-rot\/","og_site_name":"robitza wein","article_publisher":"https:\/\/www.facebook.com\/robitzawein","article_modified_time":"2024-05-15T15:00:13+00:00","og_image":[{"width":2000,"height":2000,"url":"https:\/\/www.robitza-wein.at\/wp-content\/uploads\/2024\/05\/robitza-wein-adlersberg-rot.png","type":"image\/png"}],"twitter_card":"summary_large_image","schema":{"@context":"https:\/\/schema.org","@graph":[{"@type":"WebPage","@id":"https:\/\/www.robitza-wein.at\/produkt\/2021-adlersberg-rot\/","url":"https:\/\/www.robitza-wein.at\/produkt\/2021-adlersberg-rot\/","name":"2021 ADLERSBERG rot - robitza wein","isPartOf":{"@id":"https:\/\/www.robitza-wein.at\/#website"},"primaryImageOfPage":{"@id":"https:\/\/www.robitza-wein.at\/produkt\/2021-adlersberg-rot\/#primaryimage"},"image":{"@id":"https:\/\/www.robitza-wein.at\/produkt\/2021-adlersberg-rot\/#primaryimage"},"thumbnailUrl":"https:\/\/www.robitza-wein.at\/wp-content\/uploads\/2024\/05\/robitza-wein-adlersberg-rot.png","datePublished":"2024-05-15T14:57:08+00:00","dateModified":"2024-05-15T15:00:13+00:00","breadcrumb":{"@id":"https:\/\/www.robitza-wein.at\/produkt\/2021-adlersberg-rot\/#breadcrumb"},"inLanguage":"en-US","potentialAction":[{"@type":"ReadAction","target":["https:\/\/www.robitza-wein.at\/produkt\/2021-adlersberg-rot\/"]}]},{"@type":"ImageObject","inLanguage":"en-US","@id":"https:\/\/www.robitza-wein.at\/produkt\/2021-adlersberg-rot\/#primaryimage","url":"https:\/\/www.robitza-wein.at\/wp-content\/uploads\/2024\/05\/robitza-wein-adlersberg-rot.png","contentUrl":"https:\/\/www.robitza-wein.at\/wp-content\/uploads\/2024\/05\/robitza-wein-adlersberg-rot.png","width":2000,"height":2000},{"@type":"BreadcrumbList","@id":"https:\/\/www.robitza-wein.at\/produkt\/2021-adlersberg-rot\/#breadcrumb","itemListElement":[{"@type":"ListItem","position":1,"name":"Startseite","item":"https:\/\/www.robitza-wein.at\/"},{"@type":"ListItem","position":2,"name":"WEINSHOP","item":"https:\/\/www.robitza-wein.at\/shop\/"},{"@type":"ListItem","position":3,"name":"2021 ADLERSBERG rot"}]},{"@type":"WebSite","@id":"https:\/\/www.robitza-wein.at\/#website","url":"https:\/\/www.robitza-wein.at\/","name":"robitza wein","description":"Weingut aus Oslip im Burgenland","publisher":{"@id":"https:\/\/www.robitza-wein.at\/#organization"},"potentialAction":[{"@type":"SearchAction","target":{"@type":"EntryPoint","urlTemplate":"https:\/\/www.robitza-wein.at\/?s={search_term_string}"},"query-input":{"@type":"PropertyValueSpecification","valueRequired":true,"valueName":"search_term_string"}}],"inLanguage":"en-US"},{"@type":"Organization","@id":"https:\/\/www.robitza-wein.at\/#organization","name":"robitza wein","url":"https:\/\/www.robitza-wein.at\/","logo":{"@type":"ImageObject","inLanguage":"en-US","@id":"https:\/\/www.robitza-wein.at\/#\/schema\/logo\/image\/","url":"https:\/\/www.robitza-wein.at\/wp-content\/uploads\/2023\/11\/cropped-cropped-cropped-cropped-cropped-Logo-robitza-wein_512px.png","contentUrl":"https:\/\/www.robitza-wein.at\/wp-content\/uploads\/2023\/11\/cropped-cropped-cropped-cropped-cropped-Logo-robitza-wein_512px.png","width":512,"height":512,"caption":"robitza wein"},"image":{"@id":"https:\/\/www.robitza-wein.at\/#\/schema\/logo\/image\/"},"sameAs":["https:\/\/www.facebook.com\/robitzawein","https:\/\/www.instagram.com\/robitzawein\/"]}]}},"_links":{"self":[{"href":"https:\/\/www.robitza-wein.at\/en\/wp-json\/wp\/v2\/product\/2865"}],"collection":[{"href":"https:\/\/www.robitza-wein.at\/en\/wp-json\/wp\/v2\/product"}],"about":[{"href":"https:\/\/www.robitza-wein.at\/en\/wp-json\/wp\/v2\/types\/product"}],"wp:featuredmedia":[{"embeddable":true,"href":"https:\/\/www.robitza-wein.at\/en\/wp-json\/wp\/v2\/media\/2861"}],"wp:attachment":[{"href":"https:\/\/www.robitza-wein.at\/en\/wp-json\/wp\/v2\/media?parent=2865"}],"wp:term":[{"taxonomy":"product_cat","embeddable":true,"href":"https:\/\/www.robitza-wein.at\/en\/wp-json\/wp\/v2\/product_cat?post=2865"},{"taxonomy":"product_tag","embeddable":true,"href":"https:\/\/www.robitza-wein.at\/en\/wp-json\/wp\/v2\/product_tag?post=2865"},{"taxonomy":"afgc_gallery_cat","embeddable":true,"href":"https:\/\/www.robitza-wein.at\/en\/wp-json\/wp\/v2\/afgc_gallery_cat?post=2865"}],"curies":[{"name":"wp","href":"https:\/\/api.w.org\/{rel}","templated":true}]}}