{"id":2867,"date":"2024-05-15T17:23:22","date_gmt":"2024-05-15T15:23:22","guid":{"rendered":"https:\/\/www.robitza-wein.at\/?post_type=product&#038;p=2867"},"modified":"2024-05-15T17:23:23","modified_gmt":"2024-05-15T15:23:23","slug":"2023-kvarc-welschriesling","status":"publish","type":"product","link":"https:\/\/www.robitza-wein.at\/en\/produkt\/2023-kvarc-welschriesling\/","title":{"rendered":"2023 KVARC Welschriesling"},"content":{"rendered":"<p>Der Welschriesling z\u00e4hlt zu den am meist verbreiteten Sorten in Oslip. Besonderheit ist vor allem der Quarz-Anteil neben dem Kalk im Boden.<br \/>\nDie Aromatik k\u00f6nnte als verhalten bis zart beschrieben werden. Die Straffheit am Gaumen spielt hier eine wesentliche Rolle. Zupackende S\u00e4ure gepaart<br \/>\nmit Steinmehl und Frische dominieren.<\/p>\n","protected":false},"excerpt":{"rendered":"<p>Salzzitrone, wei\u00dfe Bl\u00fcten, zupackende S\u00e4ure, karg und straff, mineralisch salzig, wei\u00dfer Holler, langes Finish<\/p>\n","protected":false},"featured_media":2845,"template":"","meta":[],"product_cat":[225,137],"product_tag":[],"afgc_gallery_cat":[],"class_list":{"0":"post-2867","1":"product","2":"type-product","3":"status-publish","4":"has-post-thumbnail","6":"product_cat-alle-weine","7":"product_cat-weiss","9":"first","10":"instock","11":"taxable","12":"shipping-taxable","13":"purchasable","14":"product-type-simple"},"yoast_head":"<!-- This site is optimized with the Yoast SEO plugin v25.2 - https:\/\/yoast.com\/wordpress\/plugins\/seo\/ -->\n<title>2023 KVARC Welschriesling - robitza wein<\/title>\n<meta name=\"robots\" content=\"index, follow, max-snippet:-1, max-image-preview:large, max-video-preview:-1\" \/>\n<link rel=\"canonical\" href=\"https:\/\/www.robitza-wein.at\/produkt\/2023-kvarc-welschriesling\/\" \/>\n<meta property=\"og:locale\" content=\"en_US\" \/>\n<meta property=\"og:type\" content=\"article\" \/>\n<meta property=\"og:title\" content=\"2023 KVARC Welschriesling - robitza wein\" \/>\n<meta property=\"og:description\" content=\"Salzzitrone, wei\u00dfe Bl\u00fcten, zupackende S\u00e4ure, karg und straff, mineralisch salzig, wei\u00dfer Holler, langes Finish\" \/>\n<meta property=\"og:url\" content=\"https:\/\/www.robitza-wein.at\/produkt\/2023-kvarc-welschriesling\/\" \/>\n<meta property=\"og:site_name\" content=\"robitza wein\" \/>\n<meta property=\"article:publisher\" content=\"https:\/\/www.facebook.com\/robitzawein\" \/>\n<meta property=\"article:modified_time\" content=\"2024-05-15T15:23:23+00:00\" \/>\n<meta property=\"og:image\" content=\"https:\/\/www.robitza-wein.at\/wp-content\/uploads\/2024\/05\/robitza-wein-kvarc-welschriesling.png\" \/>\n\t<meta property=\"og:image:width\" content=\"2000\" \/>\n\t<meta property=\"og:image:height\" content=\"2000\" \/>\n\t<meta property=\"og:image:type\" content=\"image\/png\" \/>\n<meta name=\"twitter:card\" content=\"summary_large_image\" \/>\n<script type=\"application\/ld+json\" class=\"yoast-schema-graph\">{\"@context\":\"https:\/\/schema.org\",\"@graph\":[{\"@type\":\"WebPage\",\"@id\":\"https:\/\/www.robitza-wein.at\/produkt\/2023-kvarc-welschriesling\/\",\"url\":\"https:\/\/www.robitza-wein.at\/produkt\/2023-kvarc-welschriesling\/\",\"name\":\"2023 KVARC Welschriesling - robitza wein\",\"isPartOf\":{\"@id\":\"https:\/\/www.robitza-wein.at\/#website\"},\"primaryImageOfPage\":{\"@id\":\"https:\/\/www.robitza-wein.at\/produkt\/2023-kvarc-welschriesling\/#primaryimage\"},\"image\":{\"@id\":\"https:\/\/www.robitza-wein.at\/produkt\/2023-kvarc-welschriesling\/#primaryimage\"},\"thumbnailUrl\":\"https:\/\/www.robitza-wein.at\/wp-content\/uploads\/2024\/05\/robitza-wein-kvarc-welschriesling.png\",\"datePublished\":\"2024-05-15T15:23:22+00:00\",\"dateModified\":\"2024-05-15T15:23:23+00:00\",\"breadcrumb\":{\"@id\":\"https:\/\/www.robitza-wein.at\/produkt\/2023-kvarc-welschriesling\/#breadcrumb\"},\"inLanguage\":\"en-US\",\"potentialAction\":[{\"@type\":\"ReadAction\",\"target\":[\"https:\/\/www.robitza-wein.at\/produkt\/2023-kvarc-welschriesling\/\"]}]},{\"@type\":\"ImageObject\",\"inLanguage\":\"en-US\",\"@id\":\"https:\/\/www.robitza-wein.at\/produkt\/2023-kvarc-welschriesling\/#primaryimage\",\"url\":\"https:\/\/www.robitza-wein.at\/wp-content\/uploads\/2024\/05\/robitza-wein-kvarc-welschriesling.png\",\"contentUrl\":\"https:\/\/www.robitza-wein.at\/wp-content\/uploads\/2024\/05\/robitza-wein-kvarc-welschriesling.png\",\"width\":2000,\"height\":2000},{\"@type\":\"BreadcrumbList\",\"@id\":\"https:\/\/www.robitza-wein.at\/produkt\/2023-kvarc-welschriesling\/#breadcrumb\",\"itemListElement\":[{\"@type\":\"ListItem\",\"position\":1,\"name\":\"Startseite\",\"item\":\"https:\/\/www.robitza-wein.at\/\"},{\"@type\":\"ListItem\",\"position\":2,\"name\":\"WEINSHOP\",\"item\":\"https:\/\/www.robitza-wein.at\/shop\/\"},{\"@type\":\"ListItem\",\"position\":3,\"name\":\"2023 KVARC Welschriesling\"}]},{\"@type\":\"WebSite\",\"@id\":\"https:\/\/www.robitza-wein.at\/#website\",\"url\":\"https:\/\/www.robitza-wein.at\/\",\"name\":\"robitza wein\",\"description\":\"Weingut aus Oslip im Burgenland\",\"publisher\":{\"@id\":\"https:\/\/www.robitza-wein.at\/#organization\"},\"potentialAction\":[{\"@type\":\"SearchAction\",\"target\":{\"@type\":\"EntryPoint\",\"urlTemplate\":\"https:\/\/www.robitza-wein.at\/?s={search_term_string}\"},\"query-input\":{\"@type\":\"PropertyValueSpecification\",\"valueRequired\":true,\"valueName\":\"search_term_string\"}}],\"inLanguage\":\"en-US\"},{\"@type\":\"Organization\",\"@id\":\"https:\/\/www.robitza-wein.at\/#organization\",\"name\":\"robitza wein\",\"url\":\"https:\/\/www.robitza-wein.at\/\",\"logo\":{\"@type\":\"ImageObject\",\"inLanguage\":\"en-US\",\"@id\":\"https:\/\/www.robitza-wein.at\/#\/schema\/logo\/image\/\",\"url\":\"https:\/\/www.robitza-wein.at\/wp-content\/uploads\/2023\/11\/cropped-cropped-cropped-cropped-cropped-Logo-robitza-wein_512px.png\",\"contentUrl\":\"https:\/\/www.robitza-wein.at\/wp-content\/uploads\/2023\/11\/cropped-cropped-cropped-cropped-cropped-Logo-robitza-wein_512px.png\",\"width\":512,\"height\":512,\"caption\":\"robitza wein\"},\"image\":{\"@id\":\"https:\/\/www.robitza-wein.at\/#\/schema\/logo\/image\/\"},\"sameAs\":[\"https:\/\/www.facebook.com\/robitzawein\",\"https:\/\/www.instagram.com\/robitzawein\/\"]}]}<\/script>\n<!-- \/ Yoast SEO plugin. -->","yoast_head_json":{"title":"2023 KVARC Welschriesling - robitza wein","robots":{"index":"index","follow":"follow","max-snippet":"max-snippet:-1","max-image-preview":"max-image-preview:large","max-video-preview":"max-video-preview:-1"},"canonical":"https:\/\/www.robitza-wein.at\/produkt\/2023-kvarc-welschriesling\/","og_locale":"en_US","og_type":"article","og_title":"2023 KVARC Welschriesling - robitza wein","og_description":"Salzzitrone, wei\u00dfe Bl\u00fcten, zupackende S\u00e4ure, karg und straff, mineralisch salzig, wei\u00dfer Holler, langes Finish","og_url":"https:\/\/www.robitza-wein.at\/produkt\/2023-kvarc-welschriesling\/","og_site_name":"robitza wein","article_publisher":"https:\/\/www.facebook.com\/robitzawein","article_modified_time":"2024-05-15T15:23:23+00:00","og_image":[{"width":2000,"height":2000,"url":"https:\/\/www.robitza-wein.at\/wp-content\/uploads\/2024\/05\/robitza-wein-kvarc-welschriesling.png","type":"image\/png"}],"twitter_card":"summary_large_image","schema":{"@context":"https:\/\/schema.org","@graph":[{"@type":"WebPage","@id":"https:\/\/www.robitza-wein.at\/produkt\/2023-kvarc-welschriesling\/","url":"https:\/\/www.robitza-wein.at\/produkt\/2023-kvarc-welschriesling\/","name":"2023 KVARC Welschriesling - robitza wein","isPartOf":{"@id":"https:\/\/www.robitza-wein.at\/#website"},"primaryImageOfPage":{"@id":"https:\/\/www.robitza-wein.at\/produkt\/2023-kvarc-welschriesling\/#primaryimage"},"image":{"@id":"https:\/\/www.robitza-wein.at\/produkt\/2023-kvarc-welschriesling\/#primaryimage"},"thumbnailUrl":"https:\/\/www.robitza-wein.at\/wp-content\/uploads\/2024\/05\/robitza-wein-kvarc-welschriesling.png","datePublished":"2024-05-15T15:23:22+00:00","dateModified":"2024-05-15T15:23:23+00:00","breadcrumb":{"@id":"https:\/\/www.robitza-wein.at\/produkt\/2023-kvarc-welschriesling\/#breadcrumb"},"inLanguage":"en-US","potentialAction":[{"@type":"ReadAction","target":["https:\/\/www.robitza-wein.at\/produkt\/2023-kvarc-welschriesling\/"]}]},{"@type":"ImageObject","inLanguage":"en-US","@id":"https:\/\/www.robitza-wein.at\/produkt\/2023-kvarc-welschriesling\/#primaryimage","url":"https:\/\/www.robitza-wein.at\/wp-content\/uploads\/2024\/05\/robitza-wein-kvarc-welschriesling.png","contentUrl":"https:\/\/www.robitza-wein.at\/wp-content\/uploads\/2024\/05\/robitza-wein-kvarc-welschriesling.png","width":2000,"height":2000},{"@type":"BreadcrumbList","@id":"https:\/\/www.robitza-wein.at\/produkt\/2023-kvarc-welschriesling\/#breadcrumb","itemListElement":[{"@type":"ListItem","position":1,"name":"Startseite","item":"https:\/\/www.robitza-wein.at\/"},{"@type":"ListItem","position":2,"name":"WEINSHOP","item":"https:\/\/www.robitza-wein.at\/shop\/"},{"@type":"ListItem","position":3,"name":"2023 KVARC Welschriesling"}]},{"@type":"WebSite","@id":"https:\/\/www.robitza-wein.at\/#website","url":"https:\/\/www.robitza-wein.at\/","name":"robitza wein","description":"Weingut aus Oslip im Burgenland","publisher":{"@id":"https:\/\/www.robitza-wein.at\/#organization"},"potentialAction":[{"@type":"SearchAction","target":{"@type":"EntryPoint","urlTemplate":"https:\/\/www.robitza-wein.at\/?s={search_term_string}"},"query-input":{"@type":"PropertyValueSpecification","valueRequired":true,"valueName":"search_term_string"}}],"inLanguage":"en-US"},{"@type":"Organization","@id":"https:\/\/www.robitza-wein.at\/#organization","name":"robitza wein","url":"https:\/\/www.robitza-wein.at\/","logo":{"@type":"ImageObject","inLanguage":"en-US","@id":"https:\/\/www.robitza-wein.at\/#\/schema\/logo\/image\/","url":"https:\/\/www.robitza-wein.at\/wp-content\/uploads\/2023\/11\/cropped-cropped-cropped-cropped-cropped-Logo-robitza-wein_512px.png","contentUrl":"https:\/\/www.robitza-wein.at\/wp-content\/uploads\/2023\/11\/cropped-cropped-cropped-cropped-cropped-Logo-robitza-wein_512px.png","width":512,"height":512,"caption":"robitza wein"},"image":{"@id":"https:\/\/www.robitza-wein.at\/#\/schema\/logo\/image\/"},"sameAs":["https:\/\/www.facebook.com\/robitzawein","https:\/\/www.instagram.com\/robitzawein\/"]}]}},"_links":{"self":[{"href":"https:\/\/www.robitza-wein.at\/en\/wp-json\/wp\/v2\/product\/2867"}],"collection":[{"href":"https:\/\/www.robitza-wein.at\/en\/wp-json\/wp\/v2\/product"}],"about":[{"href":"https:\/\/www.robitza-wein.at\/en\/wp-json\/wp\/v2\/types\/product"}],"wp:featuredmedia":[{"embeddable":true,"href":"https:\/\/www.robitza-wein.at\/en\/wp-json\/wp\/v2\/media\/2845"}],"wp:attachment":[{"href":"https:\/\/www.robitza-wein.at\/en\/wp-json\/wp\/v2\/media?parent=2867"}],"wp:term":[{"taxonomy":"product_cat","embeddable":true,"href":"https:\/\/www.robitza-wein.at\/en\/wp-json\/wp\/v2\/product_cat?post=2867"},{"taxonomy":"product_tag","embeddable":true,"href":"https:\/\/www.robitza-wein.at\/en\/wp-json\/wp\/v2\/product_tag?post=2867"},{"taxonomy":"afgc_gallery_cat","embeddable":true,"href":"https:\/\/www.robitza-wein.at\/en\/wp-json\/wp\/v2\/afgc_gallery_cat?post=2867"}],"curies":[{"name":"wp","href":"https:\/\/api.w.org\/{rel}","templated":true}]}}