{"id":2986,"date":"2024-10-08T12:21:29","date_gmt":"2024-10-08T10:21:29","guid":{"rendered":"https:\/\/www.robitza-wein.at\/?post_type=product&#038;p=2986"},"modified":"2024-10-08T12:34:01","modified_gmt":"2024-10-08T10:34:01","slug":"2023-bunto-bubbles","status":"publish","type":"product","link":"https:\/\/www.robitza-wein.at\/en\/produkt\/2023-bunto-bubbles\/","title":{"rendered":"2023 BUNTO bubbles"},"content":{"rendered":"<p><strong>BUNTO<\/strong>\u00a0repr\u00e4sentiert pannonisches Vergn\u00fcgen, puren Enthusiasmus, regionale Vielfalt, unkonventionellen Genuss und schenkt viele gl\u00fcckliche Weinmomente.\u00a0<strong>BUNTO<\/strong>\u00a0ist die Kurzform von\u00a0<strong>buntovnik<\/strong>\u2026 der sanfte Rebell in unserem Weinkeller.<\/p>\n<p><strong>Unfiltriert! Shake slowly &amp; enjoy!<\/strong><\/p>\n","protected":false},"excerpt":{"rendered":"<p>Pet-Nat (P\u00e9tillant Naturel) Zweigelt ist ein nat\u00fcrlicher Perlwein, der nach der Methode der sogenannten \u201eM\u00e9thode Ancestrale\u201c hergestellt wird. In unserem Fall haben wir unseren <strong>Zweigelt Ros\u00e9 mit Furmint Traubensaft<\/strong> &#8220;angesetzt&#8221;, in Flaschen abgef\u00fcllt und somit eine nat\u00fcrliche Flascheng\u00e4rung eingeleitet. Der Charakter erinnert an Wein und nicht an Saft&#8230; so wie wir es m\u00f6gen!<\/p>\n<p>Hier spielt die wilde <strong>Natur<\/strong> richtig auf! Die Kohlens\u00e4ure ist lebhaft, fast st\u00fcrmisch, mit einem <strong>prickelnden Mousseux<\/strong>, das die Zunge wachkitzelt. Die S\u00e4ure ist knackig und unb\u00e4ndig, wie ein Sprung ins kalte Wasser. Die Frucht bleibt pr\u00e4sent \u2013 rote Johannisbeeren, saure Kirschen, ein Hauch von Rhabarber \u2013 aber dahinter verstecken sich etwas ungez\u00e4hmte, fast <strong>wilde Noten von fermentiertem Tee<\/strong>, ein Hauch Sauerteig und ein leichter Touch von Salzigkeit. <strong>Unser neuer Rebell aus der BUNTO Reihe!<\/strong><\/p>\n","protected":false},"featured_media":2987,"template":"","meta":[],"product_cat":[245,225],"product_tag":[],"afgc_gallery_cat":[],"class_list":{"0":"post-2986","1":"product","2":"type-product","3":"status-publish","4":"has-post-thumbnail","6":"product_cat-bunto","7":"product_cat-alle-weine","9":"first","10":"instock","11":"taxable","12":"shipping-taxable","13":"purchasable","14":"product-type-simple"},"yoast_head":"<!-- This site is optimized with the Yoast SEO plugin v25.2 - https:\/\/yoast.com\/wordpress\/plugins\/seo\/ -->\n<title>2023 BUNTO bubbles - robitza wein<\/title>\n<meta name=\"robots\" content=\"index, follow, max-snippet:-1, max-image-preview:large, max-video-preview:-1\" \/>\n<link rel=\"canonical\" href=\"https:\/\/www.robitza-wein.at\/produkt\/2023-bunto-bubbles\/\" \/>\n<meta property=\"og:locale\" content=\"en_US\" \/>\n<meta property=\"og:type\" content=\"article\" \/>\n<meta property=\"og:title\" content=\"2023 BUNTO bubbles - robitza wein\" \/>\n<meta property=\"og:description\" content=\"Pet-Nat (P\u00e9tillant Naturel) Zweigelt ist ein nat\u00fcrlicher Perlwein, der nach der Methode der sogenannten \u201eM\u00e9thode Ancestrale\u201c hergestellt wird. In unserem Fall haben wir unseren Zweigelt Ros\u00e9 mit Furmint Traubensaft &quot;angesetzt&quot;, in Flaschen abgef\u00fcllt und somit eine nat\u00fcrliche Flascheng\u00e4rung eingeleitet. Der Charakter erinnert an Wein und nicht an Saft... so wie wir es m\u00f6gen!  Hier spielt die wilde Natur richtig auf! Die Kohlens\u00e4ure ist lebhaft, fast st\u00fcrmisch, mit einem prickelnden Mousseux, das die Zunge wachkitzelt. Die S\u00e4ure ist knackig und unb\u00e4ndig, wie ein Sprung ins kalte Wasser. Die Frucht bleibt pr\u00e4sent \u2013 rote Johannisbeeren, saure Kirschen, ein Hauch von Rhabarber \u2013 aber dahinter verstecken sich etwas ungez\u00e4hmte, fast wilde Noten von fermentiertem Tee, ein Hauch Sauerteig und ein leichter Touch von Salzigkeit. Unser neuer Rebell aus der BUNTO Reihe!\" \/>\n<meta property=\"og:url\" content=\"https:\/\/www.robitza-wein.at\/produkt\/2023-bunto-bubbles\/\" \/>\n<meta property=\"og:site_name\" content=\"robitza wein\" \/>\n<meta property=\"article:publisher\" content=\"https:\/\/www.facebook.com\/robitzawein\" \/>\n<meta property=\"article:modified_time\" content=\"2024-10-08T10:34:01+00:00\" \/>\n<meta property=\"og:image\" content=\"https:\/\/www.robitza-wein.at\/wp-content\/uploads\/2024\/10\/robitza-wein-bunto-bubbles-petnat.png\" \/>\n\t<meta property=\"og:image:width\" content=\"2000\" \/>\n\t<meta property=\"og:image:height\" content=\"2000\" \/>\n\t<meta property=\"og:image:type\" content=\"image\/png\" \/>\n<meta name=\"twitter:card\" content=\"summary_large_image\" \/>\n<meta name=\"twitter:label1\" content=\"Est. reading time\" \/>\n\t<meta name=\"twitter:data1\" content=\"1 minute\" \/>\n<script type=\"application\/ld+json\" class=\"yoast-schema-graph\">{\"@context\":\"https:\/\/schema.org\",\"@graph\":[{\"@type\":\"WebPage\",\"@id\":\"https:\/\/www.robitza-wein.at\/produkt\/2023-bunto-bubbles\/\",\"url\":\"https:\/\/www.robitza-wein.at\/produkt\/2023-bunto-bubbles\/\",\"name\":\"2023 BUNTO bubbles - robitza wein\",\"isPartOf\":{\"@id\":\"https:\/\/www.robitza-wein.at\/#website\"},\"primaryImageOfPage\":{\"@id\":\"https:\/\/www.robitza-wein.at\/produkt\/2023-bunto-bubbles\/#primaryimage\"},\"image\":{\"@id\":\"https:\/\/www.robitza-wein.at\/produkt\/2023-bunto-bubbles\/#primaryimage\"},\"thumbnailUrl\":\"https:\/\/www.robitza-wein.at\/wp-content\/uploads\/2024\/10\/robitza-wein-bunto-bubbles-petnat.png\",\"datePublished\":\"2024-10-08T10:21:29+00:00\",\"dateModified\":\"2024-10-08T10:34:01+00:00\",\"breadcrumb\":{\"@id\":\"https:\/\/www.robitza-wein.at\/produkt\/2023-bunto-bubbles\/#breadcrumb\"},\"inLanguage\":\"en-US\",\"potentialAction\":[{\"@type\":\"ReadAction\",\"target\":[\"https:\/\/www.robitza-wein.at\/produkt\/2023-bunto-bubbles\/\"]}]},{\"@type\":\"ImageObject\",\"inLanguage\":\"en-US\",\"@id\":\"https:\/\/www.robitza-wein.at\/produkt\/2023-bunto-bubbles\/#primaryimage\",\"url\":\"https:\/\/www.robitza-wein.at\/wp-content\/uploads\/2024\/10\/robitza-wein-bunto-bubbles-petnat.png\",\"contentUrl\":\"https:\/\/www.robitza-wein.at\/wp-content\/uploads\/2024\/10\/robitza-wein-bunto-bubbles-petnat.png\",\"width\":2000,\"height\":2000},{\"@type\":\"BreadcrumbList\",\"@id\":\"https:\/\/www.robitza-wein.at\/produkt\/2023-bunto-bubbles\/#breadcrumb\",\"itemListElement\":[{\"@type\":\"ListItem\",\"position\":1,\"name\":\"Startseite\",\"item\":\"https:\/\/www.robitza-wein.at\/\"},{\"@type\":\"ListItem\",\"position\":2,\"name\":\"WEINSHOP\",\"item\":\"https:\/\/www.robitza-wein.at\/shop\/\"},{\"@type\":\"ListItem\",\"position\":3,\"name\":\"2023 BUNTO bubbles\"}]},{\"@type\":\"WebSite\",\"@id\":\"https:\/\/www.robitza-wein.at\/#website\",\"url\":\"https:\/\/www.robitza-wein.at\/\",\"name\":\"robitza wein\",\"description\":\"Weingut aus Oslip im Burgenland\",\"publisher\":{\"@id\":\"https:\/\/www.robitza-wein.at\/#organization\"},\"potentialAction\":[{\"@type\":\"SearchAction\",\"target\":{\"@type\":\"EntryPoint\",\"urlTemplate\":\"https:\/\/www.robitza-wein.at\/?s={search_term_string}\"},\"query-input\":{\"@type\":\"PropertyValueSpecification\",\"valueRequired\":true,\"valueName\":\"search_term_string\"}}],\"inLanguage\":\"en-US\"},{\"@type\":\"Organization\",\"@id\":\"https:\/\/www.robitza-wein.at\/#organization\",\"name\":\"robitza wein\",\"url\":\"https:\/\/www.robitza-wein.at\/\",\"logo\":{\"@type\":\"ImageObject\",\"inLanguage\":\"en-US\",\"@id\":\"https:\/\/www.robitza-wein.at\/#\/schema\/logo\/image\/\",\"url\":\"https:\/\/www.robitza-wein.at\/wp-content\/uploads\/2023\/11\/cropped-cropped-cropped-cropped-cropped-Logo-robitza-wein_512px.png\",\"contentUrl\":\"https:\/\/www.robitza-wein.at\/wp-content\/uploads\/2023\/11\/cropped-cropped-cropped-cropped-cropped-Logo-robitza-wein_512px.png\",\"width\":512,\"height\":512,\"caption\":\"robitza wein\"},\"image\":{\"@id\":\"https:\/\/www.robitza-wein.at\/#\/schema\/logo\/image\/\"},\"sameAs\":[\"https:\/\/www.facebook.com\/robitzawein\",\"https:\/\/www.instagram.com\/robitzawein\/\"]}]}<\/script>\n<!-- \/ Yoast SEO plugin. -->","yoast_head_json":{"title":"2023 BUNTO bubbles - robitza wein","robots":{"index":"index","follow":"follow","max-snippet":"max-snippet:-1","max-image-preview":"max-image-preview:large","max-video-preview":"max-video-preview:-1"},"canonical":"https:\/\/www.robitza-wein.at\/produkt\/2023-bunto-bubbles\/","og_locale":"en_US","og_type":"article","og_title":"2023 BUNTO bubbles - robitza wein","og_description":"Pet-Nat (P\u00e9tillant Naturel) Zweigelt ist ein nat\u00fcrlicher Perlwein, der nach der Methode der sogenannten \u201eM\u00e9thode Ancestrale\u201c hergestellt wird. In unserem Fall haben wir unseren Zweigelt Ros\u00e9 mit Furmint Traubensaft \"angesetzt\", in Flaschen abgef\u00fcllt und somit eine nat\u00fcrliche Flascheng\u00e4rung eingeleitet. Der Charakter erinnert an Wein und nicht an Saft... so wie wir es m\u00f6gen!  Hier spielt die wilde Natur richtig auf! Die Kohlens\u00e4ure ist lebhaft, fast st\u00fcrmisch, mit einem prickelnden Mousseux, das die Zunge wachkitzelt. Die S\u00e4ure ist knackig und unb\u00e4ndig, wie ein Sprung ins kalte Wasser. Die Frucht bleibt pr\u00e4sent \u2013 rote Johannisbeeren, saure Kirschen, ein Hauch von Rhabarber \u2013 aber dahinter verstecken sich etwas ungez\u00e4hmte, fast wilde Noten von fermentiertem Tee, ein Hauch Sauerteig und ein leichter Touch von Salzigkeit. Unser neuer Rebell aus der BUNTO Reihe!","og_url":"https:\/\/www.robitza-wein.at\/produkt\/2023-bunto-bubbles\/","og_site_name":"robitza wein","article_publisher":"https:\/\/www.facebook.com\/robitzawein","article_modified_time":"2024-10-08T10:34:01+00:00","og_image":[{"width":2000,"height":2000,"url":"https:\/\/www.robitza-wein.at\/wp-content\/uploads\/2024\/10\/robitza-wein-bunto-bubbles-petnat.png","type":"image\/png"}],"twitter_card":"summary_large_image","twitter_misc":{"Est. reading time":"1 minute"},"schema":{"@context":"https:\/\/schema.org","@graph":[{"@type":"WebPage","@id":"https:\/\/www.robitza-wein.at\/produkt\/2023-bunto-bubbles\/","url":"https:\/\/www.robitza-wein.at\/produkt\/2023-bunto-bubbles\/","name":"2023 BUNTO bubbles - robitza wein","isPartOf":{"@id":"https:\/\/www.robitza-wein.at\/#website"},"primaryImageOfPage":{"@id":"https:\/\/www.robitza-wein.at\/produkt\/2023-bunto-bubbles\/#primaryimage"},"image":{"@id":"https:\/\/www.robitza-wein.at\/produkt\/2023-bunto-bubbles\/#primaryimage"},"thumbnailUrl":"https:\/\/www.robitza-wein.at\/wp-content\/uploads\/2024\/10\/robitza-wein-bunto-bubbles-petnat.png","datePublished":"2024-10-08T10:21:29+00:00","dateModified":"2024-10-08T10:34:01+00:00","breadcrumb":{"@id":"https:\/\/www.robitza-wein.at\/produkt\/2023-bunto-bubbles\/#breadcrumb"},"inLanguage":"en-US","potentialAction":[{"@type":"ReadAction","target":["https:\/\/www.robitza-wein.at\/produkt\/2023-bunto-bubbles\/"]}]},{"@type":"ImageObject","inLanguage":"en-US","@id":"https:\/\/www.robitza-wein.at\/produkt\/2023-bunto-bubbles\/#primaryimage","url":"https:\/\/www.robitza-wein.at\/wp-content\/uploads\/2024\/10\/robitza-wein-bunto-bubbles-petnat.png","contentUrl":"https:\/\/www.robitza-wein.at\/wp-content\/uploads\/2024\/10\/robitza-wein-bunto-bubbles-petnat.png","width":2000,"height":2000},{"@type":"BreadcrumbList","@id":"https:\/\/www.robitza-wein.at\/produkt\/2023-bunto-bubbles\/#breadcrumb","itemListElement":[{"@type":"ListItem","position":1,"name":"Startseite","item":"https:\/\/www.robitza-wein.at\/"},{"@type":"ListItem","position":2,"name":"WEINSHOP","item":"https:\/\/www.robitza-wein.at\/shop\/"},{"@type":"ListItem","position":3,"name":"2023 BUNTO bubbles"}]},{"@type":"WebSite","@id":"https:\/\/www.robitza-wein.at\/#website","url":"https:\/\/www.robitza-wein.at\/","name":"robitza wein","description":"Weingut aus Oslip im Burgenland","publisher":{"@id":"https:\/\/www.robitza-wein.at\/#organization"},"potentialAction":[{"@type":"SearchAction","target":{"@type":"EntryPoint","urlTemplate":"https:\/\/www.robitza-wein.at\/?s={search_term_string}"},"query-input":{"@type":"PropertyValueSpecification","valueRequired":true,"valueName":"search_term_string"}}],"inLanguage":"en-US"},{"@type":"Organization","@id":"https:\/\/www.robitza-wein.at\/#organization","name":"robitza wein","url":"https:\/\/www.robitza-wein.at\/","logo":{"@type":"ImageObject","inLanguage":"en-US","@id":"https:\/\/www.robitza-wein.at\/#\/schema\/logo\/image\/","url":"https:\/\/www.robitza-wein.at\/wp-content\/uploads\/2023\/11\/cropped-cropped-cropped-cropped-cropped-Logo-robitza-wein_512px.png","contentUrl":"https:\/\/www.robitza-wein.at\/wp-content\/uploads\/2023\/11\/cropped-cropped-cropped-cropped-cropped-Logo-robitza-wein_512px.png","width":512,"height":512,"caption":"robitza wein"},"image":{"@id":"https:\/\/www.robitza-wein.at\/#\/schema\/logo\/image\/"},"sameAs":["https:\/\/www.facebook.com\/robitzawein","https:\/\/www.instagram.com\/robitzawein\/"]}]}},"_links":{"self":[{"href":"https:\/\/www.robitza-wein.at\/en\/wp-json\/wp\/v2\/product\/2986"}],"collection":[{"href":"https:\/\/www.robitza-wein.at\/en\/wp-json\/wp\/v2\/product"}],"about":[{"href":"https:\/\/www.robitza-wein.at\/en\/wp-json\/wp\/v2\/types\/product"}],"wp:featuredmedia":[{"embeddable":true,"href":"https:\/\/www.robitza-wein.at\/en\/wp-json\/wp\/v2\/media\/2987"}],"wp:attachment":[{"href":"https:\/\/www.robitza-wein.at\/en\/wp-json\/wp\/v2\/media?parent=2986"}],"wp:term":[{"taxonomy":"product_cat","embeddable":true,"href":"https:\/\/www.robitza-wein.at\/en\/wp-json\/wp\/v2\/product_cat?post=2986"},{"taxonomy":"product_tag","embeddable":true,"href":"https:\/\/www.robitza-wein.at\/en\/wp-json\/wp\/v2\/product_tag?post=2986"},{"taxonomy":"afgc_gallery_cat","embeddable":true,"href":"https:\/\/www.robitza-wein.at\/en\/wp-json\/wp\/v2\/afgc_gallery_cat?post=2986"}],"curies":[{"name":"wp","href":"https:\/\/api.w.org\/{rel}","templated":true}]}}