{"id":3085,"date":"2025-05-12T16:57:24","date_gmt":"2025-05-12T14:57:24","guid":{"rendered":"https:\/\/www.robitza-wein.at\/?post_type=product&#038;p=3085"},"modified":"2026-04-23T11:08:11","modified_gmt":"2026-04-23T09:08:11","slug":"2024-sprudel-rose-das-robitza","status":"publish","type":"product","link":"https:\/\/www.robitza-wein.at\/en\/produkt\/2024-sprudel-rose-das-robitza\/","title":{"rendered":"2025 \u0160PRUDEL Ros\u00e9 &#8220;das ROBITZA&#8221;"},"content":{"rendered":"<p class=\"\" data-start=\"105\" data-end=\"205\"><strong data-start=\"105\" data-end=\"145\">das ROBITZA \u2013 \u0160PRUDEL Ros\u00e9, Sonderedition<\/strong><br data-start=\"145\" data-end=\"148\" \/><strong data-start=\"148\" data-end=\"205\">Weinbar-Edition \u00b7 Blaufr\u00e4nkisch &amp; Zweigelt \u00b7 lebendig<\/strong><\/p>\n<p class=\"\" data-start=\"207\" data-end=\"470\">Diese Sonderedition wurde exklusiv f\u00fcr <strong data-start=\"246\" data-end=\"286\">\u201edas ROBITZA\u201c \u2013 Weinbar &amp; Grei\u00dflerei<\/strong> in Eisenstadt vinifiziert: ein feiner Schaumwein aus Blaufr\u00e4nkisch und Zweigelt \u2013 zwei pannonischen Charakterk\u00f6pfen, die gemeinsam f\u00fcr dunkle Beerenfrucht, W\u00fcrze und Struktur sorgen.<\/p>\n<p class=\"\" data-start=\"472\" data-end=\"723\">Im Glas zeigt sich ein helles Rubinrot mit feiner Perlage, duftet nach Kirsche, Johannisbeere und einem Hauch Kr\u00e4uterw\u00fcrze. Am Gaumen trocken, fruchtig und animierend \u2013 <strong data-start=\"641\" data-end=\"673\">ein Ros\u00e9-Sprudel mit Haltung<\/strong>, gemacht f\u00fcr unkomplizierte Momente mit Anspruch.<\/p>\n<p class=\"\" data-start=\"725\" data-end=\"824\"><strong data-start=\"725\" data-end=\"759\">Aus naturnaher Bewirtschaftung<\/strong>. Unfiltriert, ohne Schnickschnack \u2013 nur das, was wirklich z\u00e4hlt.<\/p>\n<p data-start=\"725\" data-end=\"824\">www.dasrobitza.at<\/p>\n","protected":false},"excerpt":{"rendered":"<p>das ROBITZA \u2013 \u0160PRUDEL Ros\u00e9, SondereditionWeinbar-Edition \u00b7 Blaufr\u00e4nkisch &amp; Zweigelt \u00b7 lebendig Diese Sonderedition wurde exklusiv f\u00fcr \u201edas ROBITZA\u201c \u2013 Weinbar &amp; Grei\u00dflerei in Eisenstadt vinifiziert: ein feiner Schaumwein aus Blaufr\u00e4nkisch und Zweigelt \u2013 zwei pannonischen Charakterk\u00f6pfen, die gemeinsam f\u00fcr dunkle Beerenfrucht, W\u00fcrze und Struktur sorgen. Im Glas zeigt sich ein helles Rubinrot mit feiner Perlage, duftet nach Kirsche, Johannisbeere &#8230;<\/p>\n","protected":false},"featured_media":3086,"template":"","meta":[],"product_cat":[225],"product_tag":[],"afgc_gallery_cat":[],"class_list":{"0":"post-3085","1":"product","2":"type-product","3":"status-publish","4":"has-post-thumbnail","6":"product_cat-alle-weine","8":"first","9":"instock","10":"taxable","11":"shipping-taxable","12":"purchasable","13":"product-type-simple"},"yoast_head":"<!-- This site is optimized with the Yoast SEO plugin v25.2 - https:\/\/yoast.com\/wordpress\/plugins\/seo\/ -->\n<title>2025 \u0160PRUDEL Ros\u00e9 &quot;das ROBITZA&quot; - robitza wein<\/title>\n<meta name=\"robots\" content=\"index, follow, max-snippet:-1, max-image-preview:large, max-video-preview:-1\" \/>\n<link rel=\"canonical\" href=\"https:\/\/www.robitza-wein.at\/produkt\/2024-sprudel-rose-das-robitza\/\" \/>\n<meta property=\"og:locale\" content=\"en_US\" \/>\n<meta property=\"og:type\" content=\"article\" \/>\n<meta property=\"og:title\" content=\"2025 \u0160PRUDEL Ros\u00e9 &quot;das ROBITZA&quot; - robitza wein\" \/>\n<meta property=\"og:description\" content=\"das ROBITZA \u2013 \u0160PRUDEL Ros\u00e9, SondereditionWeinbar-Edition \u00b7 Blaufr\u00e4nkisch &amp; Zweigelt \u00b7 lebendig Diese Sonderedition wurde exklusiv f\u00fcr \u201edas ROBITZA\u201c \u2013 Weinbar &amp; Grei\u00dflerei in Eisenstadt vinifiziert: ein feiner Schaumwein aus Blaufr\u00e4nkisch und Zweigelt \u2013 zwei pannonischen Charakterk\u00f6pfen, die gemeinsam f\u00fcr dunkle Beerenfrucht, W\u00fcrze und Struktur sorgen. Im Glas zeigt sich ein helles Rubinrot mit feiner Perlage, duftet nach Kirsche, Johannisbeere ...\" \/>\n<meta property=\"og:url\" content=\"https:\/\/www.robitza-wein.at\/produkt\/2024-sprudel-rose-das-robitza\/\" \/>\n<meta property=\"og:site_name\" content=\"robitza wein\" \/>\n<meta property=\"article:publisher\" content=\"https:\/\/www.facebook.com\/robitzawein\" \/>\n<meta property=\"article:modified_time\" content=\"2026-04-23T09:08:11+00:00\" \/>\n<meta property=\"og:image\" content=\"https:\/\/www.robitza-wein.at\/wp-content\/uploads\/2025\/05\/das-robitza-sprudel.png\" \/>\n\t<meta property=\"og:image:width\" content=\"2000\" \/>\n\t<meta property=\"og:image:height\" content=\"2000\" \/>\n\t<meta property=\"og:image:type\" content=\"image\/png\" \/>\n<meta name=\"twitter:card\" content=\"summary_large_image\" \/>\n<meta name=\"twitter:label1\" content=\"Est. reading time\" \/>\n\t<meta name=\"twitter:data1\" content=\"1 minute\" \/>\n<script type=\"application\/ld+json\" class=\"yoast-schema-graph\">{\"@context\":\"https:\/\/schema.org\",\"@graph\":[{\"@type\":\"WebPage\",\"@id\":\"https:\/\/www.robitza-wein.at\/produkt\/2024-sprudel-rose-das-robitza\/\",\"url\":\"https:\/\/www.robitza-wein.at\/produkt\/2024-sprudel-rose-das-robitza\/\",\"name\":\"2025 \u0160PRUDEL Ros\u00e9 \\\"das ROBITZA\\\" - robitza wein\",\"isPartOf\":{\"@id\":\"https:\/\/www.robitza-wein.at\/#website\"},\"primaryImageOfPage\":{\"@id\":\"https:\/\/www.robitza-wein.at\/produkt\/2024-sprudel-rose-das-robitza\/#primaryimage\"},\"image\":{\"@id\":\"https:\/\/www.robitza-wein.at\/produkt\/2024-sprudel-rose-das-robitza\/#primaryimage\"},\"thumbnailUrl\":\"https:\/\/www.robitza-wein.at\/wp-content\/uploads\/2025\/05\/das-robitza-sprudel.png\",\"datePublished\":\"2025-05-12T14:57:24+00:00\",\"dateModified\":\"2026-04-23T09:08:11+00:00\",\"breadcrumb\":{\"@id\":\"https:\/\/www.robitza-wein.at\/produkt\/2024-sprudel-rose-das-robitza\/#breadcrumb\"},\"inLanguage\":\"en-US\",\"potentialAction\":[{\"@type\":\"ReadAction\",\"target\":[\"https:\/\/www.robitza-wein.at\/produkt\/2024-sprudel-rose-das-robitza\/\"]}]},{\"@type\":\"ImageObject\",\"inLanguage\":\"en-US\",\"@id\":\"https:\/\/www.robitza-wein.at\/produkt\/2024-sprudel-rose-das-robitza\/#primaryimage\",\"url\":\"https:\/\/www.robitza-wein.at\/wp-content\/uploads\/2025\/05\/das-robitza-sprudel.png\",\"contentUrl\":\"https:\/\/www.robitza-wein.at\/wp-content\/uploads\/2025\/05\/das-robitza-sprudel.png\",\"width\":2000,\"height\":2000},{\"@type\":\"BreadcrumbList\",\"@id\":\"https:\/\/www.robitza-wein.at\/produkt\/2024-sprudel-rose-das-robitza\/#breadcrumb\",\"itemListElement\":[{\"@type\":\"ListItem\",\"position\":1,\"name\":\"Startseite\",\"item\":\"https:\/\/www.robitza-wein.at\/\"},{\"@type\":\"ListItem\",\"position\":2,\"name\":\"WEINSHOP\",\"item\":\"https:\/\/www.robitza-wein.at\/shop\/\"},{\"@type\":\"ListItem\",\"position\":3,\"name\":\"2025 \u0160PRUDEL Ros\u00e9 &#8222;das ROBITZA&#8220;\"}]},{\"@type\":\"WebSite\",\"@id\":\"https:\/\/www.robitza-wein.at\/#website\",\"url\":\"https:\/\/www.robitza-wein.at\/\",\"name\":\"robitza wein\",\"description\":\"Weingut aus Oslip im Burgenland\",\"publisher\":{\"@id\":\"https:\/\/www.robitza-wein.at\/#organization\"},\"potentialAction\":[{\"@type\":\"SearchAction\",\"target\":{\"@type\":\"EntryPoint\",\"urlTemplate\":\"https:\/\/www.robitza-wein.at\/?s={search_term_string}\"},\"query-input\":{\"@type\":\"PropertyValueSpecification\",\"valueRequired\":true,\"valueName\":\"search_term_string\"}}],\"inLanguage\":\"en-US\"},{\"@type\":\"Organization\",\"@id\":\"https:\/\/www.robitza-wein.at\/#organization\",\"name\":\"robitza wein\",\"url\":\"https:\/\/www.robitza-wein.at\/\",\"logo\":{\"@type\":\"ImageObject\",\"inLanguage\":\"en-US\",\"@id\":\"https:\/\/www.robitza-wein.at\/#\/schema\/logo\/image\/\",\"url\":\"https:\/\/www.robitza-wein.at\/wp-content\/uploads\/2023\/11\/cropped-cropped-cropped-cropped-cropped-Logo-robitza-wein_512px.png\",\"contentUrl\":\"https:\/\/www.robitza-wein.at\/wp-content\/uploads\/2023\/11\/cropped-cropped-cropped-cropped-cropped-Logo-robitza-wein_512px.png\",\"width\":512,\"height\":512,\"caption\":\"robitza wein\"},\"image\":{\"@id\":\"https:\/\/www.robitza-wein.at\/#\/schema\/logo\/image\/\"},\"sameAs\":[\"https:\/\/www.facebook.com\/robitzawein\",\"https:\/\/www.instagram.com\/robitzawein\/\"]}]}<\/script>\n<!-- \/ Yoast SEO plugin. -->","yoast_head_json":{"title":"2025 \u0160PRUDEL Ros\u00e9 \"das ROBITZA\" - robitza wein","robots":{"index":"index","follow":"follow","max-snippet":"max-snippet:-1","max-image-preview":"max-image-preview:large","max-video-preview":"max-video-preview:-1"},"canonical":"https:\/\/www.robitza-wein.at\/produkt\/2024-sprudel-rose-das-robitza\/","og_locale":"en_US","og_type":"article","og_title":"2025 \u0160PRUDEL Ros\u00e9 \"das ROBITZA\" - robitza wein","og_description":"das ROBITZA \u2013 \u0160PRUDEL Ros\u00e9, SondereditionWeinbar-Edition \u00b7 Blaufr\u00e4nkisch &amp; Zweigelt \u00b7 lebendig Diese Sonderedition wurde exklusiv f\u00fcr \u201edas ROBITZA\u201c \u2013 Weinbar &amp; Grei\u00dflerei in Eisenstadt vinifiziert: ein feiner Schaumwein aus Blaufr\u00e4nkisch und Zweigelt \u2013 zwei pannonischen Charakterk\u00f6pfen, die gemeinsam f\u00fcr dunkle Beerenfrucht, W\u00fcrze und Struktur sorgen. Im Glas zeigt sich ein helles Rubinrot mit feiner Perlage, duftet nach Kirsche, Johannisbeere ...","og_url":"https:\/\/www.robitza-wein.at\/produkt\/2024-sprudel-rose-das-robitza\/","og_site_name":"robitza wein","article_publisher":"https:\/\/www.facebook.com\/robitzawein","article_modified_time":"2026-04-23T09:08:11+00:00","og_image":[{"width":2000,"height":2000,"url":"https:\/\/www.robitza-wein.at\/wp-content\/uploads\/2025\/05\/das-robitza-sprudel.png","type":"image\/png"}],"twitter_card":"summary_large_image","twitter_misc":{"Est. reading time":"1 minute"},"schema":{"@context":"https:\/\/schema.org","@graph":[{"@type":"WebPage","@id":"https:\/\/www.robitza-wein.at\/produkt\/2024-sprudel-rose-das-robitza\/","url":"https:\/\/www.robitza-wein.at\/produkt\/2024-sprudel-rose-das-robitza\/","name":"2025 \u0160PRUDEL Ros\u00e9 \"das ROBITZA\" - robitza wein","isPartOf":{"@id":"https:\/\/www.robitza-wein.at\/#website"},"primaryImageOfPage":{"@id":"https:\/\/www.robitza-wein.at\/produkt\/2024-sprudel-rose-das-robitza\/#primaryimage"},"image":{"@id":"https:\/\/www.robitza-wein.at\/produkt\/2024-sprudel-rose-das-robitza\/#primaryimage"},"thumbnailUrl":"https:\/\/www.robitza-wein.at\/wp-content\/uploads\/2025\/05\/das-robitza-sprudel.png","datePublished":"2025-05-12T14:57:24+00:00","dateModified":"2026-04-23T09:08:11+00:00","breadcrumb":{"@id":"https:\/\/www.robitza-wein.at\/produkt\/2024-sprudel-rose-das-robitza\/#breadcrumb"},"inLanguage":"en-US","potentialAction":[{"@type":"ReadAction","target":["https:\/\/www.robitza-wein.at\/produkt\/2024-sprudel-rose-das-robitza\/"]}]},{"@type":"ImageObject","inLanguage":"en-US","@id":"https:\/\/www.robitza-wein.at\/produkt\/2024-sprudel-rose-das-robitza\/#primaryimage","url":"https:\/\/www.robitza-wein.at\/wp-content\/uploads\/2025\/05\/das-robitza-sprudel.png","contentUrl":"https:\/\/www.robitza-wein.at\/wp-content\/uploads\/2025\/05\/das-robitza-sprudel.png","width":2000,"height":2000},{"@type":"BreadcrumbList","@id":"https:\/\/www.robitza-wein.at\/produkt\/2024-sprudel-rose-das-robitza\/#breadcrumb","itemListElement":[{"@type":"ListItem","position":1,"name":"Startseite","item":"https:\/\/www.robitza-wein.at\/"},{"@type":"ListItem","position":2,"name":"WEINSHOP","item":"https:\/\/www.robitza-wein.at\/shop\/"},{"@type":"ListItem","position":3,"name":"2025 \u0160PRUDEL Ros\u00e9 &#8222;das ROBITZA&#8220;"}]},{"@type":"WebSite","@id":"https:\/\/www.robitza-wein.at\/#website","url":"https:\/\/www.robitza-wein.at\/","name":"robitza wein","description":"Weingut aus Oslip im Burgenland","publisher":{"@id":"https:\/\/www.robitza-wein.at\/#organization"},"potentialAction":[{"@type":"SearchAction","target":{"@type":"EntryPoint","urlTemplate":"https:\/\/www.robitza-wein.at\/?s={search_term_string}"},"query-input":{"@type":"PropertyValueSpecification","valueRequired":true,"valueName":"search_term_string"}}],"inLanguage":"en-US"},{"@type":"Organization","@id":"https:\/\/www.robitza-wein.at\/#organization","name":"robitza wein","url":"https:\/\/www.robitza-wein.at\/","logo":{"@type":"ImageObject","inLanguage":"en-US","@id":"https:\/\/www.robitza-wein.at\/#\/schema\/logo\/image\/","url":"https:\/\/www.robitza-wein.at\/wp-content\/uploads\/2023\/11\/cropped-cropped-cropped-cropped-cropped-Logo-robitza-wein_512px.png","contentUrl":"https:\/\/www.robitza-wein.at\/wp-content\/uploads\/2023\/11\/cropped-cropped-cropped-cropped-cropped-Logo-robitza-wein_512px.png","width":512,"height":512,"caption":"robitza wein"},"image":{"@id":"https:\/\/www.robitza-wein.at\/#\/schema\/logo\/image\/"},"sameAs":["https:\/\/www.facebook.com\/robitzawein","https:\/\/www.instagram.com\/robitzawein\/"]}]}},"_links":{"self":[{"href":"https:\/\/www.robitza-wein.at\/en\/wp-json\/wp\/v2\/product\/3085"}],"collection":[{"href":"https:\/\/www.robitza-wein.at\/en\/wp-json\/wp\/v2\/product"}],"about":[{"href":"https:\/\/www.robitza-wein.at\/en\/wp-json\/wp\/v2\/types\/product"}],"wp:featuredmedia":[{"embeddable":true,"href":"https:\/\/www.robitza-wein.at\/en\/wp-json\/wp\/v2\/media\/3086"}],"wp:attachment":[{"href":"https:\/\/www.robitza-wein.at\/en\/wp-json\/wp\/v2\/media?parent=3085"}],"wp:term":[{"taxonomy":"product_cat","embeddable":true,"href":"https:\/\/www.robitza-wein.at\/en\/wp-json\/wp\/v2\/product_cat?post=3085"},{"taxonomy":"product_tag","embeddable":true,"href":"https:\/\/www.robitza-wein.at\/en\/wp-json\/wp\/v2\/product_tag?post=3085"},{"taxonomy":"afgc_gallery_cat","embeddable":true,"href":"https:\/\/www.robitza-wein.at\/en\/wp-json\/wp\/v2\/afgc_gallery_cat?post=3085"}],"curies":[{"name":"wp","href":"https:\/\/api.w.org\/{rel}","templated":true}]}}